{"id":11,"date":"2023-07-17T11:13:01","date_gmt":"2023-07-17T11:13:01","guid":{"rendered":"https:\/\/carrerasolidariabenidorm.es\/?page_id=11"},"modified":"2025-06-06T10:02:45","modified_gmt":"2025-06-06T10:02:45","slug":"normativa","status":"publish","type":"page","link":"https:\/\/carrerasolidariabenidorm.es\/?page_id=11","title":{"rendered":"Normativa"},"content":{"rendered":"<div class=\"wpb-content-wrapper\"><p>[vc_row][vc_column][vc_column_text]<\/p>\n<p style=\"text-align: center;\"><strong>NORMAS<\/strong><\/p>\n<ul>\n<li>ESTAR INSCRITO PARA PODER PARTICIPAR<\/li>\n<li>NO SE PUEDE REALIZAR CAMBIOS DE NOMBRES EN LA INSCRIPCI\u00d3N O DEVOLVER LA CUOTA, SOLO SI TIENE CONTRATADO EL SERVICIO DE PROTECCI\u00d3N<\/li>\n<li>DORSAL EN EL PECHO VISIBLE DURANTE TODO EL EVENTO<\/li>\n<li>EL ACCESO AL AVITUALLAMIENTO ESTAR\u00c1 DISPONIBLE ENTRE LA ENTRADA A META Y LA ENTREGA DE PREMIOS, NUNCA ANTES O DESPU\u00c9S<\/li>\n<li>LOS PREMIOS SE ENTREGAN EN LA ENTREGA PROTOCOLARIA DE PREMIOS, NO SE ENVIAN POR CORREO NI SE GUARDAN<\/li>\n<li>LAS INSCRIPCIONES S\u00d3LO SE PUEDEN RECOGER CON EL JUSTIFICANTE DE INSCRIPCI\u00d3N DE ROCKTHESPORT Y EL DNI O AUTORIZACI\u00d3N FIRMADA<\/li>\n<li>LOS MENORES DEBER\u00c1N ENTREGAR UNA AUTORIZACI\u00d3N DE PADRE\/MADRE\/TUTOR\/A<\/li>\n<li>EN CASO DE EXISTIR PRUEBAS INFANTILES, S\u00d3LO LOS NI\u00d1OS DE HASTA 5 A\u00d1OS PODR\u00c1N SER ACOMPA\u00d1ADOS POR SUS PADRES EN EL RECORRIDO, PERO NUNCA ARRASTRADOS, YA QUE CONLLEVA LA DESCALIFICACI\u00d3N<\/li>\n<li>LOS PARTICIPANTES DEBER\u00c1N SEGUIR LAS INDICACIONES DE LA ORGANIZACI\u00d3N EN TODO MOMENTO<\/li>\n<li>LAS CLASIFICACIONES SIEMPRE SER\u00c1N TEMPORALES Y NO OFICIALES HASTA LA ENTREGA DE PREMIOS<\/li>\n<li>LAS RECLAMACIONES SOBRE CRONOMETRAJE SOLO PODR\u00c1N SER ATENDIDAS HASTA LA ENTREGA DE PREMIOS NUNCA DESPU\u00c9S O DURANTE EN LA CARPA DE CRONOMETRAJE UBICADA JUNTO A META<\/li>\n<li>EN CASO DE NO SEGUIR LAS NORMATIVAS EL PARTICIPANTE PODRA SER EXPULSADO DEL RECINTO Y DESCALIFICADO<\/li>\n<\/ul>\n<p style=\"text-align: center;\"><strong>SEGURO DEL PARTICIPANTE<\/strong><\/p>\n<ul>\n<li>La garant\u00eda del seguro \u00fanicamente se aplica en caso de accidente (que es un hecho s\u00fabito, externo y ajeno a la voluntariedad del lesionado), por lo que los desmayos, bajadas de az\u00facar, infartos, lesiones internas, como desgarros de gemelos, lesiones musculares, etc, no se consideran accidente y no tienen cobertura por el Real Decreto por lo que en estos casos siempre se ha de derivar a hospitales p\u00fablicos que tienen la obligaci\u00f3n de atenderlos como ciudadanos.<\/li>\n<\/ul>\n<p>[\/vc_column_text][\/vc_column][\/vc_row][vc_row][vc_column][vc_column_text]<img loading=\"lazy\" decoding=\"async\" class=\"alignnone wp-image-423 size-full\" src=\"https:\/\/carrerasolidariabenidorm.es\/wp-content\/uploads\/2025\/06\/Sin-titulo-1.jpg\" alt=\"\" width=\"2250\" height=\"880\" srcset=\"https:\/\/carrerasolidariabenidorm.es\/wp-content\/uploads\/2025\/06\/Sin-titulo-1.jpg 2250w, https:\/\/carrerasolidariabenidorm.es\/wp-content\/uploads\/2025\/06\/Sin-titulo-1-300x117.jpg 300w, https:\/\/carrerasolidariabenidorm.es\/wp-content\/uploads\/2025\/06\/Sin-titulo-1-1024x400.jpg 1024w, https:\/\/carrerasolidariabenidorm.es\/wp-content\/uploads\/2025\/06\/Sin-titulo-1-768x300.jpg 768w, https:\/\/carrerasolidariabenidorm.es\/wp-content\/uploads\/2025\/06\/Sin-titulo-1-1536x601.jpg 1536w\" sizes=\"auto, (max-width: 2250px) 100vw, 2250px\" \/>[\/vc_column_text][\/vc_column][\/vc_row]<\/p>\n<\/div>","protected":false},"excerpt":{"rendered":"<p>[vc_row][vc_column][vc_column_text] NORMAS ESTAR INSCRITO PARA PODER PARTICIPAR NO SE PUEDE REALIZAR CAMBIOS DE NOMBRES EN LA INSCRIPCI\u00d3N O DEVOLVER LA CUOTA, SOLO SI TIENE CONTRATADO EL SERVICIO DE PROTECCI\u00d3N DORSAL EN EL PECHO VISIBLE DURANTE TODO EL EVENTO EL ACCESO AL AVITUALLAMIENTO ESTAR\u00c1 DISPONIBLE ENTRE [&hellip;]<\/p>\n","protected":false},"author":1,"featured_media":0,"parent":0,"menu_order":0,"comment_status":"closed","ping_status":"closed","template":"full-width.php","meta":{"footnotes":""},"class_list":["post-11","page","type-page","status-publish","hentry"],"yoast_head":"<!-- This site is optimized with the Yoast SEO plugin v27.5 - https:\/\/yoast.com\/product\/yoast-seo-wordpress\/ -->\n<title>Normativa - Carrera Solidaria &quot;En Primera L\u00ednea&quot; Aspanion Benidorm 2025<\/title>\n<meta name=\"robots\" content=\"index, follow, max-snippet:-1, max-image-preview:large, max-video-preview:-1\" \/>\n<link rel=\"canonical\" href=\"https:\/\/carrerasolidariabenidorm.es\/?page_id=11\" \/>\n<meta property=\"og:locale\" content=\"es_ES\" \/>\n<meta property=\"og:type\" content=\"article\" \/>\n<meta property=\"og:title\" content=\"Normativa - Carrera Solidaria &quot;En Primera L\u00ednea&quot; Aspanion Benidorm 2025\" \/>\n<meta property=\"og:description\" content=\"[vc_row][vc_column][vc_column_text] NORMAS ESTAR INSCRITO PARA PODER PARTICIPAR NO SE PUEDE REALIZAR CAMBIOS DE NOMBRES EN LA INSCRIPCI\u00d3N O DEVOLVER LA CUOTA, SOLO SI TIENE CONTRATADO EL SERVICIO DE PROTECCI\u00d3N DORSAL EN EL PECHO VISIBLE DURANTE TODO EL EVENTO EL ACCESO AL AVITUALLAMIENTO ESTAR\u00c1 DISPONIBLE ENTRE [&hellip;]\" \/>\n<meta property=\"og:url\" content=\"https:\/\/carrerasolidariabenidorm.es\/?page_id=11\" \/>\n<meta property=\"og:site_name\" content=\"Carrera Solidaria &quot;En Primera L\u00ednea&quot; Aspanion Benidorm 2025\" \/>\n<meta property=\"article:modified_time\" content=\"2025-06-06T10:02:45+00:00\" \/>\n<meta property=\"og:image\" content=\"https:\/\/carrerasolidariabenidorm.es\/wp-content\/uploads\/2025\/06\/Sin-titulo-1.jpg\" \/>\n\t<meta property=\"og:image:width\" content=\"2250\" \/>\n\t<meta property=\"og:image:height\" content=\"880\" \/>\n\t<meta property=\"og:image:type\" content=\"image\/jpeg\" \/>\n<meta name=\"twitter:card\" content=\"summary_large_image\" \/>\n<meta name=\"twitter:label1\" content=\"Tiempo de lectura\" \/>\n\t<meta name=\"twitter:data1\" content=\"2 minutos\" \/>\n<script type=\"application\/ld+json\" class=\"yoast-schema-graph\">{\"@context\":\"https:\\\/\\\/schema.org\",\"@graph\":[{\"@type\":\"WebPage\",\"@id\":\"https:\\\/\\\/carrerasolidariabenidorm.es\\\/?page_id=11\",\"url\":\"https:\\\/\\\/carrerasolidariabenidorm.es\\\/?page_id=11\",\"name\":\"Normativa - Carrera Solidaria &quot;En Primera L\u00ednea&quot; Aspanion Benidorm 2025\",\"isPartOf\":{\"@id\":\"https:\\\/\\\/carrerasolidariabenidorm.es\\\/#website\"},\"primaryImageOfPage\":{\"@id\":\"https:\\\/\\\/carrerasolidariabenidorm.es\\\/?page_id=11#primaryimage\"},\"image\":{\"@id\":\"https:\\\/\\\/carrerasolidariabenidorm.es\\\/?page_id=11#primaryimage\"},\"thumbnailUrl\":\"https:\\\/\\\/carrerasolidariabenidorm.es\\\/wp-content\\\/uploads\\\/2025\\\/06\\\/Sin-titulo-1.jpg\",\"datePublished\":\"2023-07-17T11:13:01+00:00\",\"dateModified\":\"2025-06-06T10:02:45+00:00\",\"breadcrumb\":{\"@id\":\"https:\\\/\\\/carrerasolidariabenidorm.es\\\/?page_id=11#breadcrumb\"},\"inLanguage\":\"es\",\"potentialAction\":[{\"@type\":\"ReadAction\",\"target\":[\"https:\\\/\\\/carrerasolidariabenidorm.es\\\/?page_id=11\"]}]},{\"@type\":\"ImageObject\",\"inLanguage\":\"es\",\"@id\":\"https:\\\/\\\/carrerasolidariabenidorm.es\\\/?page_id=11#primaryimage\",\"url\":\"https:\\\/\\\/carrerasolidariabenidorm.es\\\/wp-content\\\/uploads\\\/2025\\\/06\\\/Sin-titulo-1.jpg\",\"contentUrl\":\"https:\\\/\\\/carrerasolidariabenidorm.es\\\/wp-content\\\/uploads\\\/2025\\\/06\\\/Sin-titulo-1.jpg\",\"width\":2250,\"height\":880},{\"@type\":\"BreadcrumbList\",\"@id\":\"https:\\\/\\\/carrerasolidariabenidorm.es\\\/?page_id=11#breadcrumb\",\"itemListElement\":[{\"@type\":\"ListItem\",\"position\":1,\"name\":\"Portada\",\"item\":\"https:\\\/\\\/carrerasolidariabenidorm.es\\\/\"},{\"@type\":\"ListItem\",\"position\":2,\"name\":\"Normativa\"}]},{\"@type\":\"WebSite\",\"@id\":\"https:\\\/\\\/carrerasolidariabenidorm.es\\\/#website\",\"url\":\"https:\\\/\\\/carrerasolidariabenidorm.es\\\/\",\"name\":\"Carrera Solidaria &quot;En Primera L\u00ednea&quot; Aspanion Benidorm 2025\",\"description\":\"\",\"potentialAction\":[{\"@type\":\"SearchAction\",\"target\":{\"@type\":\"EntryPoint\",\"urlTemplate\":\"https:\\\/\\\/carrerasolidariabenidorm.es\\\/?s={search_term_string}\"},\"query-input\":{\"@type\":\"PropertyValueSpecification\",\"valueRequired\":true,\"valueName\":\"search_term_string\"}}],\"inLanguage\":\"es\"}]}<\/script>\n<!-- \/ Yoast SEO plugin. -->","yoast_head_json":{"title":"Normativa - Carrera Solidaria &quot;En Primera L\u00ednea&quot; Aspanion Benidorm 2025","robots":{"index":"index","follow":"follow","max-snippet":"max-snippet:-1","max-image-preview":"max-image-preview:large","max-video-preview":"max-video-preview:-1"},"canonical":"https:\/\/carrerasolidariabenidorm.es\/?page_id=11","og_locale":"es_ES","og_type":"article","og_title":"Normativa - Carrera Solidaria &quot;En Primera L\u00ednea&quot; Aspanion Benidorm 2025","og_description":"[vc_row][vc_column][vc_column_text] NORMAS ESTAR INSCRITO PARA PODER PARTICIPAR NO SE PUEDE REALIZAR CAMBIOS DE NOMBRES EN LA INSCRIPCI\u00d3N O DEVOLVER LA CUOTA, SOLO SI TIENE CONTRATADO EL SERVICIO DE PROTECCI\u00d3N DORSAL EN EL PECHO VISIBLE DURANTE TODO EL EVENTO EL ACCESO AL AVITUALLAMIENTO ESTAR\u00c1 DISPONIBLE ENTRE [&hellip;]","og_url":"https:\/\/carrerasolidariabenidorm.es\/?page_id=11","og_site_name":"Carrera Solidaria &quot;En Primera L\u00ednea&quot; Aspanion Benidorm 2025","article_modified_time":"2025-06-06T10:02:45+00:00","og_image":[{"width":2250,"height":880,"url":"https:\/\/carrerasolidariabenidorm.es\/wp-content\/uploads\/2025\/06\/Sin-titulo-1.jpg","type":"image\/jpeg"}],"twitter_card":"summary_large_image","twitter_misc":{"Tiempo de lectura":"2 minutos"},"schema":{"@context":"https:\/\/schema.org","@graph":[{"@type":"WebPage","@id":"https:\/\/carrerasolidariabenidorm.es\/?page_id=11","url":"https:\/\/carrerasolidariabenidorm.es\/?page_id=11","name":"Normativa - Carrera Solidaria &quot;En Primera L\u00ednea&quot; Aspanion Benidorm 2025","isPartOf":{"@id":"https:\/\/carrerasolidariabenidorm.es\/#website"},"primaryImageOfPage":{"@id":"https:\/\/carrerasolidariabenidorm.es\/?page_id=11#primaryimage"},"image":{"@id":"https:\/\/carrerasolidariabenidorm.es\/?page_id=11#primaryimage"},"thumbnailUrl":"https:\/\/carrerasolidariabenidorm.es\/wp-content\/uploads\/2025\/06\/Sin-titulo-1.jpg","datePublished":"2023-07-17T11:13:01+00:00","dateModified":"2025-06-06T10:02:45+00:00","breadcrumb":{"@id":"https:\/\/carrerasolidariabenidorm.es\/?page_id=11#breadcrumb"},"inLanguage":"es","potentialAction":[{"@type":"ReadAction","target":["https:\/\/carrerasolidariabenidorm.es\/?page_id=11"]}]},{"@type":"ImageObject","inLanguage":"es","@id":"https:\/\/carrerasolidariabenidorm.es\/?page_id=11#primaryimage","url":"https:\/\/carrerasolidariabenidorm.es\/wp-content\/uploads\/2025\/06\/Sin-titulo-1.jpg","contentUrl":"https:\/\/carrerasolidariabenidorm.es\/wp-content\/uploads\/2025\/06\/Sin-titulo-1.jpg","width":2250,"height":880},{"@type":"BreadcrumbList","@id":"https:\/\/carrerasolidariabenidorm.es\/?page_id=11#breadcrumb","itemListElement":[{"@type":"ListItem","position":1,"name":"Portada","item":"https:\/\/carrerasolidariabenidorm.es\/"},{"@type":"ListItem","position":2,"name":"Normativa"}]},{"@type":"WebSite","@id":"https:\/\/carrerasolidariabenidorm.es\/#website","url":"https:\/\/carrerasolidariabenidorm.es\/","name":"Carrera Solidaria &quot;En Primera L\u00ednea&quot; Aspanion Benidorm 2025","description":"","potentialAction":[{"@type":"SearchAction","target":{"@type":"EntryPoint","urlTemplate":"https:\/\/carrerasolidariabenidorm.es\/?s={search_term_string}"},"query-input":{"@type":"PropertyValueSpecification","valueRequired":true,"valueName":"search_term_string"}}],"inLanguage":"es"}]}},"_links":{"self":[{"href":"https:\/\/carrerasolidariabenidorm.es\/index.php?rest_route=\/wp\/v2\/pages\/11","targetHints":{"allow":["GET"]}}],"collection":[{"href":"https:\/\/carrerasolidariabenidorm.es\/index.php?rest_route=\/wp\/v2\/pages"}],"about":[{"href":"https:\/\/carrerasolidariabenidorm.es\/index.php?rest_route=\/wp\/v2\/types\/page"}],"author":[{"embeddable":true,"href":"https:\/\/carrerasolidariabenidorm.es\/index.php?rest_route=\/wp\/v2\/users\/1"}],"replies":[{"embeddable":true,"href":"https:\/\/carrerasolidariabenidorm.es\/index.php?rest_route=%2Fwp%2Fv2%2Fcomments&post=11"}],"version-history":[{"count":9,"href":"https:\/\/carrerasolidariabenidorm.es\/index.php?rest_route=\/wp\/v2\/pages\/11\/revisions"}],"predecessor-version":[{"id":430,"href":"https:\/\/carrerasolidariabenidorm.es\/index.php?rest_route=\/wp\/v2\/pages\/11\/revisions\/430"}],"wp:attachment":[{"href":"https:\/\/carrerasolidariabenidorm.es\/index.php?rest_route=%2Fwp%2Fv2%2Fmedia&parent=11"}],"curies":[{"name":"wp","href":"https:\/\/api.w.org\/{rel}","templated":true}]}}