{"id":112,"date":"2023-08-03T10:32:02","date_gmt":"2023-08-03T10:32:02","guid":{"rendered":"https:\/\/carrerasolidariabenidorm.es\/?page_id=112"},"modified":"2025-06-06T10:01:49","modified_gmt":"2025-06-06T10:01:49","slug":"categorias-y-premios","status":"publish","type":"page","link":"https:\/\/carrerasolidariabenidorm.es\/?page_id=112","title":{"rendered":"Categor\u00edas"},"content":{"rendered":"<div class=\"wpb-content-wrapper\"><p>[vc_row][vc_column][vc_column_text]<\/p>\n<h2 style=\"text-align: center;\">CATEGOR\u00cdAS 10KM<\/h2>\n<ul>\n<li>ABSOLUTA<\/li>\n<li>LOCAL<\/li>\n<\/ul>\n<ul>\n<li>PROMESA \u2013 HASTA 24 A\u00d1OS<\/li>\n<li>SENIOR \u2013 25 A 34 A\u00d1OS<\/li>\n<li>MASTER A \u2013 35 A 44 A\u00d1OS<\/li>\n<li>MASTER B \u2013 45 A 54 A\u00d1OS<\/li>\n<li>MASTER C \u2013 55 A 64 A\u00d1OS<\/li>\n<li>MASTER D \u2013 65 A 74 A\u00d1OS<\/li>\n<li>MASTER E \u2013 75 A\u00d1OS O M\u00c1S<\/li>\n<\/ul>\n<p>Todas las edades indicadas han de estar cumplidas el d\u00eda de la prueba. Se considerar\u00e1 corredor\/a local a todo\/a aquel\/aquella nacido\/a o empadronado\/a en Benidorm, al menos 1 a\u00f1o. Se establecen las siguientes cuatro categor\u00edas en hombres y mujeres para atletas con discapacidad o capacidades diferentes:<\/p>\n<p><strong>Atletas en silla de ruedas:<\/strong><\/p>\n<ol>\n<li>Atletas en silla de ruedas que no tengan mecanismos ni engranajes que ayuden a la impulsi\u00f3n de las mismas. Tan s\u00f3lo est\u00e1 permitido el impulso con los brazos sobre el aro adherido a la rueda. Las handbikes quedan excluidas de cualquier clasificaci\u00f3n competitiva, puesto que su uso supone una modalidad ciclista y no atl\u00e9tica.<\/li>\n<\/ol>\n<p><strong>Corredores de a pie:<\/strong><\/p>\n<ol>\n<li>Discapacitados funcionales (personas con discapacidad f\u00edsica, par\u00e1lisis cerebral y lesi\u00f3n cerebral)<\/li>\n<li>Discapacitados sensoriales (ciegos y sordos)<\/li>\n<li>Discapacitados intelectuales<\/li>\n<\/ol>\n<p>NOTA: La carrera de los atletas en handbike reglamentario y atletas en otros tipos de silla de ruedas NO ser\u00e1 competitiva ni tendr\u00e1n clasificaci\u00f3n propia en su categor\u00eda.<\/p>\n<p>Los atletas en silla de ruedas, handbike o similar no podr\u00e1n sobrepasar en ning\u00fan momento al coche de la Polic\u00eda Local que abre la carrera. En el caso de hacerlo quedar\u00e1n descalificados de la prueba. Si se hiciera caso omiso y circulasen por delante del coche de la Polic\u00eda Local que abre la carrera lo har\u00e1n bajo su responsabilidad, quedando excluidos de las coberturas de las p\u00f3lizas de seguros que cubren la prueba.<\/p>\n<h2 style=\"text-align: center;\">CATEGOR\u00cdAS 5KM<\/h2>\n<ul>\n<li>ABSOLUTA<\/li>\n<li>LOCAL<\/li>\n<\/ul>\n<ul>\n<li>PROMESA \u2013 HASTA 24 A\u00d1OS<\/li>\n<li>SENIOR \u2013 25 A 34 A\u00d1OS<\/li>\n<li>MASTER A \u2013 35 A 44 A\u00d1OS<\/li>\n<li>MASTER B \u2013 45 A 54 A\u00d1OS<\/li>\n<li>MASTER C \u2013 55 A 64 A\u00d1OS<\/li>\n<li>MASTER D \u2013 65 A 74 A\u00d1OS<\/li>\n<li>MASTER E \u2013 75 A\u00d1OS O M\u00c1S<\/li>\n<\/ul>\n<p>Todas las edades indicadas han de estar cumplidas el d\u00eda de la prueba. Se considerar\u00e1 corredor\/a local a todo\/a aquel\/aquella nacido\/a o empadronado\/a en Benidorm, al menos 1 a\u00f1o. Se establecen las siguientes cuatro categor\u00edas en hombres y mujeres para atletas con discapacidad o capacidades diferentes:<\/p>\n<p><strong>Atletas en silla de ruedas:<\/strong><\/p>\n<ol>\n<li>Atletas en silla de ruedas que no tengan mecanismos ni engranajes que ayuden a la impulsi\u00f3n de las mismas. Tan s\u00f3lo est\u00e1 permitido el impulso con los brazos sobre el aro adherido a la rueda. Las handbikes quedan excluidas de cualquier clasificaci\u00f3n competitiva, puesto que su uso supone una modalidad ciclista y no atl\u00e9tica.<\/li>\n<\/ol>\n<p><strong>Corredores de a pie:<\/strong><\/p>\n<ol>\n<li>Discapacitados funcionales (personas con discapacidad f\u00edsica, par\u00e1lisis cerebral y lesi\u00f3n cerebral)<\/li>\n<li>Discapacitados sensoriales (ciegos y sordos)<\/li>\n<li>Discapacitados intelectuales<\/li>\n<\/ol>\n<p>NOTA: La carrera de los atletas en handbike reglamentario y atletas en otros tipos de silla de ruedas NO ser\u00e1 competitiva ni tendr\u00e1n clasificaci\u00f3n propia en su categor\u00eda.<\/p>\n<p>Los atletas en silla de ruedas, handbike o similar no podr\u00e1n sobrepasar en ning\u00fan momento al coche de la Polic\u00eda Local que abre la carrera. En el caso de hacerlo quedar\u00e1n descalificados de la prueba. Si se hiciera caso omiso y circulasen por delante del coche de la Polic\u00eda Local que abre la carrera lo har\u00e1n bajo su responsabilidad, quedando excluidos de las coberturas de las p\u00f3lizas de seguros que cubren la prueba.<\/p>\n<h2 style=\"text-align: center;\">CATEGOR\u00cdAS CARRERAS INFANTILES<\/h2>\n<ul>\n<li>BEB\u00c9 \/ HASTA 5 A\u00d1OS \/\/ 50M.<\/li>\n<li>SUB8 \/ 6-7 A\u00d1OS \/\/ 100M.<\/li>\n<li>SUB10 \/ 8-9 A\u00d1OS \/\/ 400M.<\/li>\n<li>SUB12 \/ 10-11 A\u00d1OS \/\/ 800M.<\/li>\n<li>SUB14 \/ 12-13 A\u00d1OS \/\/ 1.600M.<\/li>\n<li>SUB16 \/ 14-15 A\u00d1OS \/\/ 1.600M.<\/li>\n<\/ul>\n<p>[\/vc_column_text][\/vc_column][\/vc_row][vc_row][vc_column][vc_column_text]<img loading=\"lazy\" decoding=\"async\" class=\"alignnone wp-image-423 size-full\" src=\"https:\/\/carrerasolidariabenidorm.es\/wp-content\/uploads\/2025\/06\/Sin-titulo-1.jpg\" alt=\"\" width=\"2250\" height=\"880\" srcset=\"https:\/\/carrerasolidariabenidorm.es\/wp-content\/uploads\/2025\/06\/Sin-titulo-1.jpg 2250w, https:\/\/carrerasolidariabenidorm.es\/wp-content\/uploads\/2025\/06\/Sin-titulo-1-300x117.jpg 300w, https:\/\/carrerasolidariabenidorm.es\/wp-content\/uploads\/2025\/06\/Sin-titulo-1-1024x400.jpg 1024w, https:\/\/carrerasolidariabenidorm.es\/wp-content\/uploads\/2025\/06\/Sin-titulo-1-768x300.jpg 768w, https:\/\/carrerasolidariabenidorm.es\/wp-content\/uploads\/2025\/06\/Sin-titulo-1-1536x601.jpg 1536w\" sizes=\"auto, (max-width: 2250px) 100vw, 2250px\" \/>[\/vc_column_text][\/vc_column][\/vc_row]<\/p>\n<\/div>","protected":false},"excerpt":{"rendered":"<p>[vc_row][vc_column][vc_column_text] CATEGOR\u00cdAS 10KM ABSOLUTA LOCAL PROMESA \u2013 HASTA 24 A\u00d1OS SENIOR \u2013 25 A 34 A\u00d1OS MASTER A \u2013 35 A 44 A\u00d1OS MASTER B \u2013 45 A 54 A\u00d1OS MASTER C \u2013 55 A 64 A\u00d1OS MASTER D \u2013 65 A 74 A\u00d1OS MASTER [&hellip;]<\/p>\n","protected":false},"author":1,"featured_media":0,"parent":0,"menu_order":0,"comment_status":"closed","ping_status":"closed","template":"full-width.php","meta":{"footnotes":""},"class_list":["post-112","page","type-page","status-publish","hentry"],"yoast_head":"<!-- This site is optimized with the Yoast SEO plugin v27.5 - https:\/\/yoast.com\/product\/yoast-seo-wordpress\/ -->\n<title>Categor\u00edas - Carrera Solidaria &quot;En Primera L\u00ednea&quot; Aspanion Benidorm 2025<\/title>\n<meta name=\"robots\" content=\"index, follow, max-snippet:-1, max-image-preview:large, max-video-preview:-1\" \/>\n<link rel=\"canonical\" href=\"https:\/\/carrerasolidariabenidorm.es\/?page_id=112\" \/>\n<meta property=\"og:locale\" content=\"es_ES\" \/>\n<meta property=\"og:type\" content=\"article\" \/>\n<meta property=\"og:title\" content=\"Categor\u00edas - Carrera Solidaria &quot;En Primera L\u00ednea&quot; Aspanion Benidorm 2025\" \/>\n<meta property=\"og:description\" content=\"[vc_row][vc_column][vc_column_text] CATEGOR\u00cdAS 10KM ABSOLUTA LOCAL PROMESA \u2013 HASTA 24 A\u00d1OS SENIOR \u2013 25 A 34 A\u00d1OS MASTER A \u2013 35 A 44 A\u00d1OS MASTER B \u2013 45 A 54 A\u00d1OS MASTER C \u2013 55 A 64 A\u00d1OS MASTER D \u2013 65 A 74 A\u00d1OS MASTER [&hellip;]\" \/>\n<meta property=\"og:url\" content=\"https:\/\/carrerasolidariabenidorm.es\/?page_id=112\" \/>\n<meta property=\"og:site_name\" content=\"Carrera Solidaria &quot;En Primera L\u00ednea&quot; Aspanion Benidorm 2025\" \/>\n<meta property=\"article:modified_time\" content=\"2025-06-06T10:01:49+00:00\" \/>\n<meta property=\"og:image\" content=\"https:\/\/carrerasolidariabenidorm.es\/wp-content\/uploads\/2025\/06\/Sin-titulo-1.jpg\" \/>\n\t<meta property=\"og:image:width\" content=\"2250\" \/>\n\t<meta property=\"og:image:height\" content=\"880\" \/>\n\t<meta property=\"og:image:type\" content=\"image\/jpeg\" \/>\n<meta name=\"twitter:card\" content=\"summary_large_image\" \/>\n<meta name=\"twitter:label1\" content=\"Tiempo de lectura\" \/>\n\t<meta name=\"twitter:data1\" content=\"3 minutos\" \/>\n<script type=\"application\/ld+json\" class=\"yoast-schema-graph\">{\"@context\":\"https:\\\/\\\/schema.org\",\"@graph\":[{\"@type\":\"WebPage\",\"@id\":\"https:\\\/\\\/carrerasolidariabenidorm.es\\\/?page_id=112\",\"url\":\"https:\\\/\\\/carrerasolidariabenidorm.es\\\/?page_id=112\",\"name\":\"Categor\u00edas - Carrera Solidaria &quot;En Primera L\u00ednea&quot; Aspanion Benidorm 2025\",\"isPartOf\":{\"@id\":\"https:\\\/\\\/carrerasolidariabenidorm.es\\\/#website\"},\"primaryImageOfPage\":{\"@id\":\"https:\\\/\\\/carrerasolidariabenidorm.es\\\/?page_id=112#primaryimage\"},\"image\":{\"@id\":\"https:\\\/\\\/carrerasolidariabenidorm.es\\\/?page_id=112#primaryimage\"},\"thumbnailUrl\":\"https:\\\/\\\/carrerasolidariabenidorm.es\\\/wp-content\\\/uploads\\\/2025\\\/06\\\/Sin-titulo-1.jpg\",\"datePublished\":\"2023-08-03T10:32:02+00:00\",\"dateModified\":\"2025-06-06T10:01:49+00:00\",\"breadcrumb\":{\"@id\":\"https:\\\/\\\/carrerasolidariabenidorm.es\\\/?page_id=112#breadcrumb\"},\"inLanguage\":\"es\",\"potentialAction\":[{\"@type\":\"ReadAction\",\"target\":[\"https:\\\/\\\/carrerasolidariabenidorm.es\\\/?page_id=112\"]}]},{\"@type\":\"ImageObject\",\"inLanguage\":\"es\",\"@id\":\"https:\\\/\\\/carrerasolidariabenidorm.es\\\/?page_id=112#primaryimage\",\"url\":\"https:\\\/\\\/carrerasolidariabenidorm.es\\\/wp-content\\\/uploads\\\/2025\\\/06\\\/Sin-titulo-1.jpg\",\"contentUrl\":\"https:\\\/\\\/carrerasolidariabenidorm.es\\\/wp-content\\\/uploads\\\/2025\\\/06\\\/Sin-titulo-1.jpg\",\"width\":2250,\"height\":880},{\"@type\":\"BreadcrumbList\",\"@id\":\"https:\\\/\\\/carrerasolidariabenidorm.es\\\/?page_id=112#breadcrumb\",\"itemListElement\":[{\"@type\":\"ListItem\",\"position\":1,\"name\":\"Portada\",\"item\":\"https:\\\/\\\/carrerasolidariabenidorm.es\\\/\"},{\"@type\":\"ListItem\",\"position\":2,\"name\":\"Categor\u00edas\"}]},{\"@type\":\"WebSite\",\"@id\":\"https:\\\/\\\/carrerasolidariabenidorm.es\\\/#website\",\"url\":\"https:\\\/\\\/carrerasolidariabenidorm.es\\\/\",\"name\":\"Carrera Solidaria &quot;En Primera L\u00ednea&quot; Aspanion Benidorm 2025\",\"description\":\"\",\"potentialAction\":[{\"@type\":\"SearchAction\",\"target\":{\"@type\":\"EntryPoint\",\"urlTemplate\":\"https:\\\/\\\/carrerasolidariabenidorm.es\\\/?s={search_term_string}\"},\"query-input\":{\"@type\":\"PropertyValueSpecification\",\"valueRequired\":true,\"valueName\":\"search_term_string\"}}],\"inLanguage\":\"es\"}]}<\/script>\n<!-- \/ Yoast SEO plugin. -->","yoast_head_json":{"title":"Categor\u00edas - Carrera Solidaria &quot;En Primera L\u00ednea&quot; Aspanion Benidorm 2025","robots":{"index":"index","follow":"follow","max-snippet":"max-snippet:-1","max-image-preview":"max-image-preview:large","max-video-preview":"max-video-preview:-1"},"canonical":"https:\/\/carrerasolidariabenidorm.es\/?page_id=112","og_locale":"es_ES","og_type":"article","og_title":"Categor\u00edas - Carrera Solidaria &quot;En Primera L\u00ednea&quot; Aspanion Benidorm 2025","og_description":"[vc_row][vc_column][vc_column_text] CATEGOR\u00cdAS 10KM ABSOLUTA LOCAL PROMESA \u2013 HASTA 24 A\u00d1OS SENIOR \u2013 25 A 34 A\u00d1OS MASTER A \u2013 35 A 44 A\u00d1OS MASTER B \u2013 45 A 54 A\u00d1OS MASTER C \u2013 55 A 64 A\u00d1OS MASTER D \u2013 65 A 74 A\u00d1OS MASTER [&hellip;]","og_url":"https:\/\/carrerasolidariabenidorm.es\/?page_id=112","og_site_name":"Carrera Solidaria &quot;En Primera L\u00ednea&quot; Aspanion Benidorm 2025","article_modified_time":"2025-06-06T10:01:49+00:00","og_image":[{"width":2250,"height":880,"url":"https:\/\/carrerasolidariabenidorm.es\/wp-content\/uploads\/2025\/06\/Sin-titulo-1.jpg","type":"image\/jpeg"}],"twitter_card":"summary_large_image","twitter_misc":{"Tiempo de lectura":"3 minutos"},"schema":{"@context":"https:\/\/schema.org","@graph":[{"@type":"WebPage","@id":"https:\/\/carrerasolidariabenidorm.es\/?page_id=112","url":"https:\/\/carrerasolidariabenidorm.es\/?page_id=112","name":"Categor\u00edas - Carrera Solidaria &quot;En Primera L\u00ednea&quot; Aspanion Benidorm 2025","isPartOf":{"@id":"https:\/\/carrerasolidariabenidorm.es\/#website"},"primaryImageOfPage":{"@id":"https:\/\/carrerasolidariabenidorm.es\/?page_id=112#primaryimage"},"image":{"@id":"https:\/\/carrerasolidariabenidorm.es\/?page_id=112#primaryimage"},"thumbnailUrl":"https:\/\/carrerasolidariabenidorm.es\/wp-content\/uploads\/2025\/06\/Sin-titulo-1.jpg","datePublished":"2023-08-03T10:32:02+00:00","dateModified":"2025-06-06T10:01:49+00:00","breadcrumb":{"@id":"https:\/\/carrerasolidariabenidorm.es\/?page_id=112#breadcrumb"},"inLanguage":"es","potentialAction":[{"@type":"ReadAction","target":["https:\/\/carrerasolidariabenidorm.es\/?page_id=112"]}]},{"@type":"ImageObject","inLanguage":"es","@id":"https:\/\/carrerasolidariabenidorm.es\/?page_id=112#primaryimage","url":"https:\/\/carrerasolidariabenidorm.es\/wp-content\/uploads\/2025\/06\/Sin-titulo-1.jpg","contentUrl":"https:\/\/carrerasolidariabenidorm.es\/wp-content\/uploads\/2025\/06\/Sin-titulo-1.jpg","width":2250,"height":880},{"@type":"BreadcrumbList","@id":"https:\/\/carrerasolidariabenidorm.es\/?page_id=112#breadcrumb","itemListElement":[{"@type":"ListItem","position":1,"name":"Portada","item":"https:\/\/carrerasolidariabenidorm.es\/"},{"@type":"ListItem","position":2,"name":"Categor\u00edas"}]},{"@type":"WebSite","@id":"https:\/\/carrerasolidariabenidorm.es\/#website","url":"https:\/\/carrerasolidariabenidorm.es\/","name":"Carrera Solidaria &quot;En Primera L\u00ednea&quot; Aspanion Benidorm 2025","description":"","potentialAction":[{"@type":"SearchAction","target":{"@type":"EntryPoint","urlTemplate":"https:\/\/carrerasolidariabenidorm.es\/?s={search_term_string}"},"query-input":{"@type":"PropertyValueSpecification","valueRequired":true,"valueName":"search_term_string"}}],"inLanguage":"es"}]}},"_links":{"self":[{"href":"https:\/\/carrerasolidariabenidorm.es\/index.php?rest_route=\/wp\/v2\/pages\/112","targetHints":{"allow":["GET"]}}],"collection":[{"href":"https:\/\/carrerasolidariabenidorm.es\/index.php?rest_route=\/wp\/v2\/pages"}],"about":[{"href":"https:\/\/carrerasolidariabenidorm.es\/index.php?rest_route=\/wp\/v2\/types\/page"}],"author":[{"embeddable":true,"href":"https:\/\/carrerasolidariabenidorm.es\/index.php?rest_route=\/wp\/v2\/users\/1"}],"replies":[{"embeddable":true,"href":"https:\/\/carrerasolidariabenidorm.es\/index.php?rest_route=%2Fwp%2Fv2%2Fcomments&post=112"}],"version-history":[{"count":13,"href":"https:\/\/carrerasolidariabenidorm.es\/index.php?rest_route=\/wp\/v2\/pages\/112\/revisions"}],"predecessor-version":[{"id":427,"href":"https:\/\/carrerasolidariabenidorm.es\/index.php?rest_route=\/wp\/v2\/pages\/112\/revisions\/427"}],"wp:attachment":[{"href":"https:\/\/carrerasolidariabenidorm.es\/index.php?rest_route=%2Fwp%2Fv2%2Fmedia&parent=112"}],"curies":[{"name":"wp","href":"https:\/\/api.w.org\/{rel}","templated":true}]}}