{"id":152,"date":"2023-08-31T07:10:36","date_gmt":"2023-08-31T07:10:36","guid":{"rendered":"https:\/\/carrerasolidariabenidorm.es\/?page_id=152"},"modified":"2025-09-03T14:43:24","modified_gmt":"2025-09-03T12:43:24","slug":"premios","status":"publish","type":"page","link":"https:\/\/carrerasolidariabenidorm.es\/?page_id=152","title":{"rendered":"Premios"},"content":{"rendered":"<div class=\"wpb-content-wrapper\"><p>[vc_row][vc_column][vc_column_text]<\/p>\n<h2 style=\"text-align: center;\">CAMISETA CONMEMORATIVA CON TU INSCRIPCI\u00d3N<\/h2>\n<p><strong><img loading=\"lazy\" decoding=\"async\" class=\"wp-image-452 aligncenter\" src=\"https:\/\/carrerasolidariabenidorm.es\/wp-content\/uploads\/2025\/08\/camiseta-ASPANION-2025.jpeg\" alt=\"\" width=\"227\" height=\"295\" \/><\/strong><\/p>\n<p>&nbsp;<\/p>\n<p style=\"text-align: center;\"><strong>*La camiseta est\u00e1 incluida en la inscripci\u00f3n de \u00abadulto\u00bb.<\/strong><\/p>\n<p style=\"text-align: center;\"><strong>*Los formularios de inscripci\u00f3n ofrecen la posibilidad de a\u00f1adir una camiseta extra en tarifa adulto.<br \/>\n<\/strong><\/p>\n<h2><\/h2>\n<h2><\/h2>\n<h2><\/h2>\n<h2 style=\"text-align: left;\">PREMIOS CARRERA 5KM \/ 10KM<\/h2>\n<ul>\n<li>Trofeo y Regalo | 1, 2, 3 Absoluto \/ Masculino y Femenino<\/li>\n<li>Trofeo y Regalo | 1, 2, 3 Local \/ Masculino y Femenino<\/li>\n<li>Medalla | 1, 2, 3 Categor\u00edas \/ Masculino y Femenino<\/li>\n<li>Trofeo | 1 Club con m\u00e1s participantes (entre las dos pruebas)<\/li>\n<li>Camiseta Conmemorativa<\/li>\n<\/ul>\n<h2 style=\"text-align: left;\">PREMIOS CARRERAS INFANTILES<\/h2>\n<ul>\n<li>Trofeo y Regalo | 1, 2, 3 Categor\u00edas \/ Masculino y Femenino<\/li>\n<li>Trofeo | 1 Colegio con m\u00e1s participantes \u00abPremio otorgado por el Colegio Internacional Lope de Vega conmemorativo centenario de Juan Fuster Zaragoza\u00bb<\/li>\n<li>Medalla Conmemorativa<\/li>\n<\/ul>\n<h2><\/h2>\n<h2 style=\"text-align: left;\">PREMIOS MARCHA N\u00d3RDICA \/ ANDAR\u00cdN &#8211; ADULTO<\/h2>\n<ul>\n<li>Camiseta Conmemorativa<\/li>\n<\/ul>\n<h2><\/h2>\n<h2 style=\"text-align: left;\">PREMIOS MARCHA \/ANDAR\u00cdN &#8211; INFANTIL<\/h2>\n<ul>\n<li>Medalla conmemorativa<\/li>\n<\/ul>\n<h2 style=\"text-align: left;\">COLEGIO CON M\u00c1S INSCRITOS<\/h2>\n<ul>\n<li>Regalo de una<strong> experiencia en Aqualandia Benidorm<\/strong> a los ni\u00f1os participantes, del colegio que re\u00fana m\u00e1s corredores en la carrera, cortes\u00eda de <strong><em>Lope de Vega International School<\/em><\/strong><\/li>\n<\/ul>\n<p>&nbsp;<\/p>\n<p style=\"text-align: center;\"><span style=\"color: #ff0000;\"><strong>LOS PREMIOS SE ENTREGAN EN LA ENTREGA PROTOCOLARIA DE PREMIOS, NO SE ENVIAN POR CORREO NI SE GUARDAN<\/strong><\/span><\/p>\n<p>[\/vc_column_text][\/vc_column][\/vc_row][vc_row][vc_column][vc_column_text]<img loading=\"lazy\" decoding=\"async\" class=\"alignnone wp-image-423 size-full\" src=\"https:\/\/carrerasolidariabenidorm.es\/wp-content\/uploads\/2025\/06\/Sin-titulo-1.jpg\" alt=\"\" width=\"2250\" height=\"880\" srcset=\"https:\/\/carrerasolidariabenidorm.es\/wp-content\/uploads\/2025\/06\/Sin-titulo-1.jpg 2250w, https:\/\/carrerasolidariabenidorm.es\/wp-content\/uploads\/2025\/06\/Sin-titulo-1-300x117.jpg 300w, https:\/\/carrerasolidariabenidorm.es\/wp-content\/uploads\/2025\/06\/Sin-titulo-1-1024x400.jpg 1024w, https:\/\/carrerasolidariabenidorm.es\/wp-content\/uploads\/2025\/06\/Sin-titulo-1-768x300.jpg 768w, https:\/\/carrerasolidariabenidorm.es\/wp-content\/uploads\/2025\/06\/Sin-titulo-1-1536x601.jpg 1536w\" sizes=\"auto, (max-width: 2250px) 100vw, 2250px\" \/>[\/vc_column_text][\/vc_column][\/vc_row]<\/p>\n<\/div>","protected":false},"excerpt":{"rendered":"<p>[vc_row][vc_column][vc_column_text] CAMISETA CONMEMORATIVA CON TU INSCRIPCI\u00d3N &nbsp; *La camiseta est\u00e1 incluida en la inscripci\u00f3n de \u00abadulto\u00bb. *Los formularios de inscripci\u00f3n ofrecen la posibilidad de a\u00f1adir una camiseta extra en tarifa adulto. PREMIOS CARRERA 5KM \/ 10KM Trofeo y Regalo | 1, 2, 3 Absoluto \/ [&hellip;]<\/p>\n","protected":false},"author":1,"featured_media":0,"parent":0,"menu_order":0,"comment_status":"closed","ping_status":"closed","template":"full-width.php","meta":{"footnotes":""},"class_list":["post-152","page","type-page","status-publish","hentry"],"yoast_head":"<!-- This site is optimized with the Yoast SEO plugin v27.5 - https:\/\/yoast.com\/product\/yoast-seo-wordpress\/ -->\n<title>Premios - Carrera Solidaria &quot;En Primera L\u00ednea&quot; Aspanion Benidorm 2025<\/title>\n<meta name=\"robots\" content=\"index, follow, max-snippet:-1, max-image-preview:large, max-video-preview:-1\" \/>\n<link rel=\"canonical\" href=\"https:\/\/carrerasolidariabenidorm.es\/?page_id=152\" \/>\n<meta property=\"og:locale\" content=\"es_ES\" \/>\n<meta property=\"og:type\" content=\"article\" \/>\n<meta property=\"og:title\" content=\"Premios - Carrera Solidaria &quot;En Primera L\u00ednea&quot; Aspanion Benidorm 2025\" \/>\n<meta property=\"og:description\" content=\"[vc_row][vc_column][vc_column_text] CAMISETA CONMEMORATIVA CON TU INSCRIPCI\u00d3N &nbsp; *La camiseta est\u00e1 incluida en la inscripci\u00f3n de \u00abadulto\u00bb. *Los formularios de inscripci\u00f3n ofrecen la posibilidad de a\u00f1adir una camiseta extra en tarifa adulto. PREMIOS CARRERA 5KM \/ 10KM Trofeo y Regalo | 1, 2, 3 Absoluto \/ [&hellip;]\" \/>\n<meta property=\"og:url\" content=\"https:\/\/carrerasolidariabenidorm.es\/?page_id=152\" \/>\n<meta property=\"og:site_name\" content=\"Carrera Solidaria &quot;En Primera L\u00ednea&quot; Aspanion Benidorm 2025\" \/>\n<meta property=\"article:modified_time\" content=\"2025-09-03T12:43:24+00:00\" \/>\n<meta property=\"og:image\" content=\"https:\/\/carrerasolidariabenidorm.es\/wp-content\/uploads\/2025\/08\/camiseta-ASPANION-2025.jpeg\" \/>\n\t<meta property=\"og:image:width\" content=\"1269\" \/>\n\t<meta property=\"og:image:height\" content=\"1600\" \/>\n\t<meta property=\"og:image:type\" content=\"image\/jpeg\" \/>\n<meta name=\"twitter:card\" content=\"summary_large_image\" \/>\n<meta name=\"twitter:label1\" content=\"Tiempo de lectura\" \/>\n\t<meta name=\"twitter:data1\" content=\"2 minutos\" \/>\n<script type=\"application\/ld+json\" class=\"yoast-schema-graph\">{\"@context\":\"https:\\\/\\\/schema.org\",\"@graph\":[{\"@type\":\"WebPage\",\"@id\":\"https:\\\/\\\/carrerasolidariabenidorm.es\\\/?page_id=152\",\"url\":\"https:\\\/\\\/carrerasolidariabenidorm.es\\\/?page_id=152\",\"name\":\"Premios - Carrera Solidaria &quot;En Primera L\u00ednea&quot; Aspanion Benidorm 2025\",\"isPartOf\":{\"@id\":\"https:\\\/\\\/carrerasolidariabenidorm.es\\\/#website\"},\"primaryImageOfPage\":{\"@id\":\"https:\\\/\\\/carrerasolidariabenidorm.es\\\/?page_id=152#primaryimage\"},\"image\":{\"@id\":\"https:\\\/\\\/carrerasolidariabenidorm.es\\\/?page_id=152#primaryimage\"},\"thumbnailUrl\":\"https:\\\/\\\/carrerasolidariabenidorm.es\\\/wp-content\\\/uploads\\\/2025\\\/08\\\/camiseta-ASPANION-2025.jpeg\",\"datePublished\":\"2023-08-31T07:10:36+00:00\",\"dateModified\":\"2025-09-03T12:43:24+00:00\",\"breadcrumb\":{\"@id\":\"https:\\\/\\\/carrerasolidariabenidorm.es\\\/?page_id=152#breadcrumb\"},\"inLanguage\":\"es\",\"potentialAction\":[{\"@type\":\"ReadAction\",\"target\":[\"https:\\\/\\\/carrerasolidariabenidorm.es\\\/?page_id=152\"]}]},{\"@type\":\"ImageObject\",\"inLanguage\":\"es\",\"@id\":\"https:\\\/\\\/carrerasolidariabenidorm.es\\\/?page_id=152#primaryimage\",\"url\":\"https:\\\/\\\/carrerasolidariabenidorm.es\\\/wp-content\\\/uploads\\\/2025\\\/08\\\/camiseta-ASPANION-2025.jpeg\",\"contentUrl\":\"https:\\\/\\\/carrerasolidariabenidorm.es\\\/wp-content\\\/uploads\\\/2025\\\/08\\\/camiseta-ASPANION-2025.jpeg\",\"width\":1269,\"height\":1600},{\"@type\":\"BreadcrumbList\",\"@id\":\"https:\\\/\\\/carrerasolidariabenidorm.es\\\/?page_id=152#breadcrumb\",\"itemListElement\":[{\"@type\":\"ListItem\",\"position\":1,\"name\":\"Portada\",\"item\":\"https:\\\/\\\/carrerasolidariabenidorm.es\\\/\"},{\"@type\":\"ListItem\",\"position\":2,\"name\":\"Premios\"}]},{\"@type\":\"WebSite\",\"@id\":\"https:\\\/\\\/carrerasolidariabenidorm.es\\\/#website\",\"url\":\"https:\\\/\\\/carrerasolidariabenidorm.es\\\/\",\"name\":\"Carrera Solidaria &quot;En Primera L\u00ednea&quot; Aspanion Benidorm 2025\",\"description\":\"\",\"potentialAction\":[{\"@type\":\"SearchAction\",\"target\":{\"@type\":\"EntryPoint\",\"urlTemplate\":\"https:\\\/\\\/carrerasolidariabenidorm.es\\\/?s={search_term_string}\"},\"query-input\":{\"@type\":\"PropertyValueSpecification\",\"valueRequired\":true,\"valueName\":\"search_term_string\"}}],\"inLanguage\":\"es\"}]}<\/script>\n<!-- \/ Yoast SEO plugin. -->","yoast_head_json":{"title":"Premios - Carrera Solidaria &quot;En Primera L\u00ednea&quot; Aspanion Benidorm 2025","robots":{"index":"index","follow":"follow","max-snippet":"max-snippet:-1","max-image-preview":"max-image-preview:large","max-video-preview":"max-video-preview:-1"},"canonical":"https:\/\/carrerasolidariabenidorm.es\/?page_id=152","og_locale":"es_ES","og_type":"article","og_title":"Premios - Carrera Solidaria &quot;En Primera L\u00ednea&quot; Aspanion Benidorm 2025","og_description":"[vc_row][vc_column][vc_column_text] CAMISETA CONMEMORATIVA CON TU INSCRIPCI\u00d3N &nbsp; *La camiseta est\u00e1 incluida en la inscripci\u00f3n de \u00abadulto\u00bb. *Los formularios de inscripci\u00f3n ofrecen la posibilidad de a\u00f1adir una camiseta extra en tarifa adulto. PREMIOS CARRERA 5KM \/ 10KM Trofeo y Regalo | 1, 2, 3 Absoluto \/ [&hellip;]","og_url":"https:\/\/carrerasolidariabenidorm.es\/?page_id=152","og_site_name":"Carrera Solidaria &quot;En Primera L\u00ednea&quot; Aspanion Benidorm 2025","article_modified_time":"2025-09-03T12:43:24+00:00","og_image":[{"width":1269,"height":1600,"url":"https:\/\/carrerasolidariabenidorm.es\/wp-content\/uploads\/2025\/08\/camiseta-ASPANION-2025.jpeg","type":"image\/jpeg"}],"twitter_card":"summary_large_image","twitter_misc":{"Tiempo de lectura":"2 minutos"},"schema":{"@context":"https:\/\/schema.org","@graph":[{"@type":"WebPage","@id":"https:\/\/carrerasolidariabenidorm.es\/?page_id=152","url":"https:\/\/carrerasolidariabenidorm.es\/?page_id=152","name":"Premios - Carrera Solidaria &quot;En Primera L\u00ednea&quot; Aspanion Benidorm 2025","isPartOf":{"@id":"https:\/\/carrerasolidariabenidorm.es\/#website"},"primaryImageOfPage":{"@id":"https:\/\/carrerasolidariabenidorm.es\/?page_id=152#primaryimage"},"image":{"@id":"https:\/\/carrerasolidariabenidorm.es\/?page_id=152#primaryimage"},"thumbnailUrl":"https:\/\/carrerasolidariabenidorm.es\/wp-content\/uploads\/2025\/08\/camiseta-ASPANION-2025.jpeg","datePublished":"2023-08-31T07:10:36+00:00","dateModified":"2025-09-03T12:43:24+00:00","breadcrumb":{"@id":"https:\/\/carrerasolidariabenidorm.es\/?page_id=152#breadcrumb"},"inLanguage":"es","potentialAction":[{"@type":"ReadAction","target":["https:\/\/carrerasolidariabenidorm.es\/?page_id=152"]}]},{"@type":"ImageObject","inLanguage":"es","@id":"https:\/\/carrerasolidariabenidorm.es\/?page_id=152#primaryimage","url":"https:\/\/carrerasolidariabenidorm.es\/wp-content\/uploads\/2025\/08\/camiseta-ASPANION-2025.jpeg","contentUrl":"https:\/\/carrerasolidariabenidorm.es\/wp-content\/uploads\/2025\/08\/camiseta-ASPANION-2025.jpeg","width":1269,"height":1600},{"@type":"BreadcrumbList","@id":"https:\/\/carrerasolidariabenidorm.es\/?page_id=152#breadcrumb","itemListElement":[{"@type":"ListItem","position":1,"name":"Portada","item":"https:\/\/carrerasolidariabenidorm.es\/"},{"@type":"ListItem","position":2,"name":"Premios"}]},{"@type":"WebSite","@id":"https:\/\/carrerasolidariabenidorm.es\/#website","url":"https:\/\/carrerasolidariabenidorm.es\/","name":"Carrera Solidaria &quot;En Primera L\u00ednea&quot; Aspanion Benidorm 2025","description":"","potentialAction":[{"@type":"SearchAction","target":{"@type":"EntryPoint","urlTemplate":"https:\/\/carrerasolidariabenidorm.es\/?s={search_term_string}"},"query-input":{"@type":"PropertyValueSpecification","valueRequired":true,"valueName":"search_term_string"}}],"inLanguage":"es"}]}},"_links":{"self":[{"href":"https:\/\/carrerasolidariabenidorm.es\/index.php?rest_route=\/wp\/v2\/pages\/152","targetHints":{"allow":["GET"]}}],"collection":[{"href":"https:\/\/carrerasolidariabenidorm.es\/index.php?rest_route=\/wp\/v2\/pages"}],"about":[{"href":"https:\/\/carrerasolidariabenidorm.es\/index.php?rest_route=\/wp\/v2\/types\/page"}],"author":[{"embeddable":true,"href":"https:\/\/carrerasolidariabenidorm.es\/index.php?rest_route=\/wp\/v2\/users\/1"}],"replies":[{"embeddable":true,"href":"https:\/\/carrerasolidariabenidorm.es\/index.php?rest_route=%2Fwp%2Fv2%2Fcomments&post=152"}],"version-history":[{"count":24,"href":"https:\/\/carrerasolidariabenidorm.es\/index.php?rest_route=\/wp\/v2\/pages\/152\/revisions"}],"predecessor-version":[{"id":462,"href":"https:\/\/carrerasolidariabenidorm.es\/index.php?rest_route=\/wp\/v2\/pages\/152\/revisions\/462"}],"wp:attachment":[{"href":"https:\/\/carrerasolidariabenidorm.es\/index.php?rest_route=%2Fwp%2Fv2%2Fmedia&parent=152"}],"curies":[{"name":"wp","href":"https:\/\/api.w.org\/{rel}","templated":true}]}}