{"id":2,"date":"2023-07-14T07:49:09","date_gmt":"2023-07-14T07:49:09","guid":{"rendered":"https:\/\/carrerasolidariabenidorm.es\/?page_id=2"},"modified":"2025-09-25T08:53:38","modified_gmt":"2025-09-25T06:53:38","slug":"sample-page","status":"publish","type":"page","link":"https:\/\/carrerasolidariabenidorm.es\/","title":{"rendered":"Portada"},"content":{"rendered":"<div class=\"wpb-content-wrapper\"><p>[vc_row css=\u00bb.vc_custom_1719821990970{margin-bottom: 30px !important;background-position: center !important;background-repeat: no-repeat !important;background-size: cover !important;}\u00bb][vc_column width=\u00bb1\/4&#8243;][vc_single_image image=\u00bb464&#8243; img_size=\u00bbfull\u00bb][vc_empty_space][vc_btn title=\u00bbCLASIFICACIONES\u00bb color=\u00bbdanger\u00bb i_icon_fontawesome=\u00bbfas fa-share\u00bb add_icon=\u00bbtrue\u00bb link=\u00bburl:https%3A%2F%2Fgrupobrotons.com%2Fclasificaciones-iii-carrera-solidaria-primera-linea-aspanion-benidorm%2F\u00bb][\/vc_column][vc_column width=\u00bb3\/4&#8243;][vc_column_text]<\/p>\n<h2 data-start=\"220\" data-end=\"286\">\u2728 \u00a1Bienvenidos a la III Carrera Solidaria \u00abEn Primera L\u00ednea\u00bb! \u2728<\/h2>\n<p data-start=\"288\" data-end=\"622\">Nos alegra darte la bienvenida a la <strong data-start=\"324\" data-end=\"386\">web oficial de la III Carrera Solidaria \u201cEn Primera L\u00ednea\u201d<\/strong>, una cita imprescindible con la solidaridad, el deporte y la esperanza. El pr\u00f3ximo <strong data-start=\"470\" data-end=\"498\">21 de septiembre de 2025<\/strong>, Benidorm volver\u00e1 a vibrar al ritmo de cientos de pasos unidos por una misma causa: <strong data-start=\"583\" data-end=\"621\">la lucha contra el c\u00e1ncer infantil<\/strong>.<\/p>\n<p data-start=\"624\" data-end=\"881\">\ud83c\udfc3\u200d\u2640\ufe0f\ud83c\udfc3\u200d\u2642\ufe0f Esta edici\u00f3n, organizada por la Asociaci\u00f3n Socio Cultural de la Polic\u00eda Local en colaboraci\u00f3n con el <strong data-start=\"697\" data-end=\"725\">Ayuntamiento de Benidorm<\/strong>, y el <strong data-start=\"730\" data-end=\"757\">Club Atletismo Benidorm <\/strong>y <strong data-start=\"782\" data-end=\"799\">Grupo Brotons<\/strong>, a beneficio de <strong>Aspanion<\/strong>; contar\u00e1 con m\u00faltiples modalidades para que todas las personas puedan participar:<\/p>\n<ul>\n<li data-start=\"885\" data-end=\"905\"><strong data-start=\"885\" data-end=\"905\">Carrera 5K y 10K<\/strong><\/li>\n<li data-start=\"908\" data-end=\"926\"><strong data-start=\"908\" data-end=\"926\">Marcha popular<\/strong><\/li>\n<li data-start=\"929\" data-end=\"947\"><strong data-start=\"929\" data-end=\"947\">Marcha n\u00f3rdica<\/strong><\/li>\n<li data-start=\"950\" data-end=\"973\"><strong data-start=\"950\" data-end=\"973\">Carreras infantiles<\/strong><\/li>\n<\/ul>\n<p data-start=\"975\" data-end=\"1237\">No importa tu edad ni tu condici\u00f3n f\u00edsica: <strong data-start=\"1018\" data-end=\"1090\">lo importante es estar en primera l\u00ednea por quienes m\u00e1s lo necesitan<\/strong>. Porque cada zancada cuenta, cada inscripci\u00f3n es un paso m\u00e1s hacia un futuro m\u00e1s justo y lleno de vida para los ni\u00f1os y ni\u00f1as que luchan cada d\u00eda.<\/p>\n<p data-start=\"1239\" data-end=\"1476\">\ud83c\udf97 Adem\u00e1s, esta carrera es tambi\u00e9n un homenaje a la fuerza, la sonrisa y el coraje de todos los peque\u00f1os guerreros y sus familias. Participar es una forma activa de apoyar la investigaci\u00f3n, los cuidados y la mejora de su calidad de vida.<\/p>\n<p data-start=\"1632\" data-end=\"1711\">S\u00famate. Corre. Camina. Apoya. \u00a1Y no te quedes fuera de esta gran ola solidaria!<\/p>\n<p data-start=\"1713\" data-end=\"1785\"><strong data-start=\"1713\" data-end=\"1785\">Te esperamos en la l\u00ednea de salida\u2026 y en el coraz\u00f3n de la esperanza.<\/strong><\/p>\n<p>[\/vc_column_text][\/vc_column][\/vc_row][vc_row css=\u00bb.vc_custom_1719821990970{margin-bottom: 30px !important;background-position: center !important;background-repeat: no-repeat !important;background-size: cover !important;}\u00bb][vc_column][vc_video link=\u00bbhttps:\/\/youtu.be\/QAXQUzFb0vw?si=hi_wmgWOxLIbkfrA\u00bb][\/vc_column][\/vc_row][vc_row][vc_column width=\u00bb1\/3&#8243; css=\u00bb.vc_custom_1719488408347{padding-top: 150px !important;padding-right: 40px !important;padding-bottom: 150px !important;padding-left: 40px !important;background-image: url(https:\/\/carrerasolidariabenidorm.es\/wp-content\/uploads\/2024\/06\/benidorm-half-2023-salida-2.jpg?id=274) !important;background-position: center !important;background-repeat: no-repeat !important;background-size: cover !important;}\u00bb][vc_column_text]<\/p>\n<h2 style=\"text-align: center;\"><a href=\"https:\/\/carrerasolidariabenidorm.es\/?page_id=42\"><span style=\"color: #ffffff;\">Informaci\u00f3n<\/span><\/a><br \/>\n<a href=\"https:\/\/carrerasolidariabenidorm.es\/informacion\/\"><span style=\"color: #ffffff;\">General<\/span><\/a><\/h2>\n<p>[\/vc_column_text][\/vc_column][vc_column width=\u00bb1\/3&#8243; css=\u00bb.vc_custom_1719488420827{padding-top: 150px !important;padding-right: 40px !important;padding-bottom: 150px !important;padding-left: 40px !important;background-image: url(https:\/\/carrerasolidariabenidorm.es\/wp-content\/uploads\/2024\/06\/benidorm-half-2023-salida-3.jpg?id=279) !important;}\u00bb][vc_column_text]<\/p>\n<h2 style=\"text-align: center;\"><a href=\"https:\/\/carrerasolidariabenidorm.es\/?page_id=9\"><span style=\"color: #ffffff;\">Inscripciones<br \/>\n2025<\/span><\/a><\/h2>\n<p>[\/vc_column_text][\/vc_column][vc_column width=\u00bb1\/3&#8243; css=\u00bb.vc_custom_1719488671032{padding-top: 150px !important;padding-right: 40px !important;padding-bottom: 150px !important;padding-left: 40px !important;background-image: url(https:\/\/carrerasolidariabenidorm.es\/wp-content\/uploads\/2024\/06\/benidorm-half-2023-salida-4.jpg?id=283) !important;background-position: center !important;background-repeat: no-repeat !important;background-size: cover !important;}\u00bb][vc_column_text]<\/p>\n<h2 style=\"text-align: center;\"><a href=\"https:\/\/carrerasolidariabenidorm.es\/?page_id=18\"><span style=\"color: #ffffff;\">DORSAL 0<br \/>\nDONACIONES<\/span><\/a><\/h2>\n<p>[\/vc_column_text][\/vc_column][\/vc_row][vc_row css=\u00bb.vc_custom_1719489472888{margin-top: 30px !important;margin-bottom: 30px !important;}\u00bb][vc_column][vc_basic_grid post_type=\u00bbpost\u00bb max_items=\u00bb4&#8243; element_width=\u00bb3&#8243; grid_id=\u00bbvc_gid:1758782892582-740e3c32-d9d7-2&#8243; taxonomies=\u00bb2&#8243;][\/vc_column][\/vc_row][vc_row][vc_column][vc_column_text]<img loading=\"lazy\" decoding=\"async\" class=\"alignnone wp-image-423 size-full aligncenter\" src=\"https:\/\/carrerasolidariabenidorm.es\/wp-content\/uploads\/2025\/06\/Sin-titulo-1.jpg\" alt=\"\" width=\"2250\" height=\"880\" srcset=\"https:\/\/carrerasolidariabenidorm.es\/wp-content\/uploads\/2025\/06\/Sin-titulo-1.jpg 2250w, https:\/\/carrerasolidariabenidorm.es\/wp-content\/uploads\/2025\/06\/Sin-titulo-1-300x117.jpg 300w, https:\/\/carrerasolidariabenidorm.es\/wp-content\/uploads\/2025\/06\/Sin-titulo-1-1024x400.jpg 1024w, https:\/\/carrerasolidariabenidorm.es\/wp-content\/uploads\/2025\/06\/Sin-titulo-1-768x300.jpg 768w, https:\/\/carrerasolidariabenidorm.es\/wp-content\/uploads\/2025\/06\/Sin-titulo-1-1536x601.jpg 1536w\" sizes=\"auto, (max-width: 2250px) 100vw, 2250px\" \/>[\/vc_column_text][\/vc_column][\/vc_row]<\/p>\n<\/div>","protected":false},"excerpt":{"rendered":"<p>[vc_row css=\u00bb.vc_custom_1719821990970{margin-bottom: 30px !important;background-position: center !important;background-repeat: no-repeat !important;background-size: cover !important;}\u00bb][vc_column width=\u00bb1\/4&#8243;][vc_single_image image=\u00bb464&#8243; img_size=\u00bbfull\u00bb][vc_empty_space][vc_btn title=\u00bbCLASIFICACIONES\u00bb color=\u00bbdanger\u00bb i_icon_fontawesome=\u00bbfas fa-share\u00bb add_icon=\u00bbtrue\u00bb link=\u00bburl:https%3A%2F%2Fgrupobrotons.com%2Fclasificaciones-iii-carrera-solidaria-primera-linea-aspanion-benidorm%2F\u00bb][\/vc_column][vc_column width=\u00bb3\/4&#8243;][vc_column_text] \u2728 \u00a1Bienvenidos a la III Carrera Solidaria \u00abEn Primera L\u00ednea\u00bb! \u2728 Nos alegra darte la bienvenida a la web oficial de la III Carrera Solidaria [&hellip;]<\/p>\n","protected":false},"author":1,"featured_media":0,"parent":0,"menu_order":0,"comment_status":"closed","ping_status":"closed","template":"full-width.php","meta":{"footnotes":""},"class_list":["post-2","page","type-page","status-publish","hentry"],"yoast_head":"<!-- This site is optimized with the Yoast SEO plugin v27.2 - https:\/\/yoast.com\/product\/yoast-seo-wordpress\/ -->\n<title>Portada - Carrera Solidaria &quot;En Primera L\u00ednea&quot; Aspanion Benidorm 2025<\/title>\n<meta name=\"robots\" content=\"index, follow, max-snippet:-1, max-image-preview:large, max-video-preview:-1\" \/>\n<link rel=\"canonical\" href=\"https:\/\/carrerasolidariabenidorm.es\/\" \/>\n<meta property=\"og:locale\" content=\"es_ES\" \/>\n<meta property=\"og:type\" content=\"article\" \/>\n<meta property=\"og:title\" content=\"Portada - Carrera Solidaria &quot;En Primera L\u00ednea&quot; Aspanion Benidorm 2025\" \/>\n<meta property=\"og:description\" content=\"[vc_row css=\u00bb.vc_custom_1719821990970{margin-bottom: 30px !important;background-position: center !important;background-repeat: no-repeat !important;background-size: cover !important;}\u00bb][vc_column width=\u00bb1\/4&#8243;][vc_single_image image=\u00bb464&#8243; img_size=\u00bbfull\u00bb][vc_empty_space][vc_btn title=\u00bbCLASIFICACIONES\u00bb color=\u00bbdanger\u00bb i_icon_fontawesome=\u00bbfas fa-share\u00bb add_icon=\u00bbtrue\u00bb link=\u00bburl:https%3A%2F%2Fgrupobrotons.com%2Fclasificaciones-iii-carrera-solidaria-primera-linea-aspanion-benidorm%2F\u00bb][\/vc_column][vc_column width=\u00bb3\/4&#8243;][vc_column_text] \u2728 \u00a1Bienvenidos a la III Carrera Solidaria \u00abEn Primera L\u00ednea\u00bb! \u2728 Nos alegra darte la bienvenida a la web oficial de la III Carrera Solidaria [&hellip;]\" \/>\n<meta property=\"og:url\" content=\"https:\/\/carrerasolidariabenidorm.es\/\" \/>\n<meta property=\"og:site_name\" content=\"Carrera Solidaria &quot;En Primera L\u00ednea&quot; Aspanion Benidorm 2025\" \/>\n<meta property=\"article:modified_time\" content=\"2025-09-25T06:53:38+00:00\" \/>\n<meta property=\"og:image\" content=\"https:\/\/carrerasolidariabenidorm.es\/wp-content\/uploads\/2025\/06\/Sin-titulo-1.jpg\" \/>\n<meta name=\"twitter:card\" content=\"summary_large_image\" \/>\n<meta name=\"twitter:label1\" content=\"Tiempo de lectura\" \/>\n\t<meta name=\"twitter:data1\" content=\"2 minutos\" \/>\n<script type=\"application\/ld+json\" class=\"yoast-schema-graph\">{\"@context\":\"https:\/\/schema.org\",\"@graph\":[{\"@type\":\"WebPage\",\"@id\":\"https:\/\/carrerasolidariabenidorm.es\/\",\"url\":\"https:\/\/carrerasolidariabenidorm.es\/\",\"name\":\"Portada - Carrera Solidaria &quot;En Primera L\u00ednea&quot; Aspanion Benidorm 2025\",\"isPartOf\":{\"@id\":\"https:\/\/carrerasolidariabenidorm.es\/#website\"},\"primaryImageOfPage\":{\"@id\":\"https:\/\/carrerasolidariabenidorm.es\/#primaryimage\"},\"image\":{\"@id\":\"https:\/\/carrerasolidariabenidorm.es\/#primaryimage\"},\"thumbnailUrl\":\"https:\/\/carrerasolidariabenidorm.es\/wp-content\/uploads\/2025\/06\/Sin-titulo-1.jpg\",\"datePublished\":\"2023-07-14T07:49:09+00:00\",\"dateModified\":\"2025-09-25T06:53:38+00:00\",\"breadcrumb\":{\"@id\":\"https:\/\/carrerasolidariabenidorm.es\/#breadcrumb\"},\"inLanguage\":\"es\",\"potentialAction\":[{\"@type\":\"ReadAction\",\"target\":[\"https:\/\/carrerasolidariabenidorm.es\/\"]}]},{\"@type\":\"ImageObject\",\"inLanguage\":\"es\",\"@id\":\"https:\/\/carrerasolidariabenidorm.es\/#primaryimage\",\"url\":\"https:\/\/carrerasolidariabenidorm.es\/wp-content\/uploads\/2025\/06\/Sin-titulo-1.jpg\",\"contentUrl\":\"https:\/\/carrerasolidariabenidorm.es\/wp-content\/uploads\/2025\/06\/Sin-titulo-1.jpg\",\"width\":2250,\"height\":880},{\"@type\":\"BreadcrumbList\",\"@id\":\"https:\/\/carrerasolidariabenidorm.es\/#breadcrumb\",\"itemListElement\":[{\"@type\":\"ListItem\",\"position\":1,\"name\":\"Portada\",\"item\":\"https:\/\/carrerasolidariabenidorm.es\/\"},{\"@type\":\"ListItem\",\"position\":2,\"name\":\"Portada\"}]},{\"@type\":\"WebSite\",\"@id\":\"https:\/\/carrerasolidariabenidorm.es\/#website\",\"url\":\"https:\/\/carrerasolidariabenidorm.es\/\",\"name\":\"Carrera Solidaria &quot;En Primera L\u00ednea&quot; Aspanion Benidorm 2025\",\"description\":\"\",\"potentialAction\":[{\"@type\":\"SearchAction\",\"target\":{\"@type\":\"EntryPoint\",\"urlTemplate\":\"https:\/\/carrerasolidariabenidorm.es\/?s={search_term_string}\"},\"query-input\":{\"@type\":\"PropertyValueSpecification\",\"valueRequired\":true,\"valueName\":\"search_term_string\"}}],\"inLanguage\":\"es\"}]}<\/script>\n<!-- \/ Yoast SEO plugin. -->","yoast_head_json":{"title":"Portada - Carrera Solidaria &quot;En Primera L\u00ednea&quot; Aspanion Benidorm 2025","robots":{"index":"index","follow":"follow","max-snippet":"max-snippet:-1","max-image-preview":"max-image-preview:large","max-video-preview":"max-video-preview:-1"},"canonical":"https:\/\/carrerasolidariabenidorm.es\/","og_locale":"es_ES","og_type":"article","og_title":"Portada - Carrera Solidaria &quot;En Primera L\u00ednea&quot; Aspanion Benidorm 2025","og_description":"[vc_row css=\u00bb.vc_custom_1719821990970{margin-bottom: 30px !important;background-position: center !important;background-repeat: no-repeat !important;background-size: cover !important;}\u00bb][vc_column width=\u00bb1\/4&#8243;][vc_single_image image=\u00bb464&#8243; img_size=\u00bbfull\u00bb][vc_empty_space][vc_btn title=\u00bbCLASIFICACIONES\u00bb color=\u00bbdanger\u00bb i_icon_fontawesome=\u00bbfas fa-share\u00bb add_icon=\u00bbtrue\u00bb link=\u00bburl:https%3A%2F%2Fgrupobrotons.com%2Fclasificaciones-iii-carrera-solidaria-primera-linea-aspanion-benidorm%2F\u00bb][\/vc_column][vc_column width=\u00bb3\/4&#8243;][vc_column_text] \u2728 \u00a1Bienvenidos a la III Carrera Solidaria \u00abEn Primera L\u00ednea\u00bb! \u2728 Nos alegra darte la bienvenida a la web oficial de la III Carrera Solidaria [&hellip;]","og_url":"https:\/\/carrerasolidariabenidorm.es\/","og_site_name":"Carrera Solidaria &quot;En Primera L\u00ednea&quot; Aspanion Benidorm 2025","article_modified_time":"2025-09-25T06:53:38+00:00","og_image":[{"url":"https:\/\/carrerasolidariabenidorm.es\/wp-content\/uploads\/2025\/06\/Sin-titulo-1.jpg","type":"","width":"","height":""}],"twitter_card":"summary_large_image","twitter_misc":{"Tiempo de lectura":"2 minutos"},"schema":{"@context":"https:\/\/schema.org","@graph":[{"@type":"WebPage","@id":"https:\/\/carrerasolidariabenidorm.es\/","url":"https:\/\/carrerasolidariabenidorm.es\/","name":"Portada - Carrera Solidaria &quot;En Primera L\u00ednea&quot; Aspanion Benidorm 2025","isPartOf":{"@id":"https:\/\/carrerasolidariabenidorm.es\/#website"},"primaryImageOfPage":{"@id":"https:\/\/carrerasolidariabenidorm.es\/#primaryimage"},"image":{"@id":"https:\/\/carrerasolidariabenidorm.es\/#primaryimage"},"thumbnailUrl":"https:\/\/carrerasolidariabenidorm.es\/wp-content\/uploads\/2025\/06\/Sin-titulo-1.jpg","datePublished":"2023-07-14T07:49:09+00:00","dateModified":"2025-09-25T06:53:38+00:00","breadcrumb":{"@id":"https:\/\/carrerasolidariabenidorm.es\/#breadcrumb"},"inLanguage":"es","potentialAction":[{"@type":"ReadAction","target":["https:\/\/carrerasolidariabenidorm.es\/"]}]},{"@type":"ImageObject","inLanguage":"es","@id":"https:\/\/carrerasolidariabenidorm.es\/#primaryimage","url":"https:\/\/carrerasolidariabenidorm.es\/wp-content\/uploads\/2025\/06\/Sin-titulo-1.jpg","contentUrl":"https:\/\/carrerasolidariabenidorm.es\/wp-content\/uploads\/2025\/06\/Sin-titulo-1.jpg","width":2250,"height":880},{"@type":"BreadcrumbList","@id":"https:\/\/carrerasolidariabenidorm.es\/#breadcrumb","itemListElement":[{"@type":"ListItem","position":1,"name":"Portada","item":"https:\/\/carrerasolidariabenidorm.es\/"},{"@type":"ListItem","position":2,"name":"Portada"}]},{"@type":"WebSite","@id":"https:\/\/carrerasolidariabenidorm.es\/#website","url":"https:\/\/carrerasolidariabenidorm.es\/","name":"Carrera Solidaria &quot;En Primera L\u00ednea&quot; Aspanion Benidorm 2025","description":"","potentialAction":[{"@type":"SearchAction","target":{"@type":"EntryPoint","urlTemplate":"https:\/\/carrerasolidariabenidorm.es\/?s={search_term_string}"},"query-input":{"@type":"PropertyValueSpecification","valueRequired":true,"valueName":"search_term_string"}}],"inLanguage":"es"}]}},"_links":{"self":[{"href":"https:\/\/carrerasolidariabenidorm.es\/index.php?rest_route=\/wp\/v2\/pages\/2","targetHints":{"allow":["GET"]}}],"collection":[{"href":"https:\/\/carrerasolidariabenidorm.es\/index.php?rest_route=\/wp\/v2\/pages"}],"about":[{"href":"https:\/\/carrerasolidariabenidorm.es\/index.php?rest_route=\/wp\/v2\/types\/page"}],"author":[{"embeddable":true,"href":"https:\/\/carrerasolidariabenidorm.es\/index.php?rest_route=\/wp\/v2\/users\/1"}],"replies":[{"embeddable":true,"href":"https:\/\/carrerasolidariabenidorm.es\/index.php?rest_route=%2Fwp%2Fv2%2Fcomments&post=2"}],"version-history":[{"count":85,"href":"https:\/\/carrerasolidariabenidorm.es\/index.php?rest_route=\/wp\/v2\/pages\/2\/revisions"}],"predecessor-version":[{"id":466,"href":"https:\/\/carrerasolidariabenidorm.es\/index.php?rest_route=\/wp\/v2\/pages\/2\/revisions\/466"}],"wp:attachment":[{"href":"https:\/\/carrerasolidariabenidorm.es\/index.php?rest_route=%2Fwp%2Fv2%2Fmedia&parent=2"}],"curies":[{"name":"wp","href":"https:\/\/api.w.org\/{rel}","templated":true}]}}