{"id":42,"date":"2023-07-17T12:08:01","date_gmt":"2023-07-17T12:08:01","guid":{"rendered":"https:\/\/carrerasolidariabenidorm.es\/?page_id=42"},"modified":"2025-09-25T08:46:46","modified_gmt":"2025-09-25T06:46:46","slug":"informacion","status":"publish","type":"page","link":"https:\/\/carrerasolidariabenidorm.es\/?page_id=42","title":{"rendered":"Informaci\u00f3n"},"content":{"rendered":"<div class=\"wpb-content-wrapper\"><p>[vc_row][vc_column][vc_column_text]<\/p>\n<p style=\"text-align: center;\"><strong>INFORMACI\u00d3N<\/strong><\/p>\n<p>[\/vc_column_text][\/vc_column][\/vc_row][vc_row][vc_column][vc_column_text]<strong>HORARIOS<\/strong><\/p>\n<ul>\n<li>SALIDA 5KM 10KM &#8211; 9H.<\/li>\n<li>MARCHA N\u00d3RDICA &#8211; A CONTINUACI\u00d3N<\/li>\n<li>ANDARINES &#8211; A CONTINUACI\u00d3N<\/li>\n<li>ENTREGA DE PREMIOS AL FINALIZAR<\/li>\n<li>SALIDA CARRERAS INFANTILES &#8211; 11H.<\/li>\n<li>ENTREGA DE PREMIOS AL FINALIZAR<\/li>\n<\/ul>\n<p>*HORARIOS APROXIMADOS<\/p>\n<p><strong>UBICACI\u00d3N<\/strong><\/p>\n<ul>\n<li>PLAZA DE SUS MAJESTADES LOS REYES DE ESPA\u00d1A (AYUNTAMIENTO DE BENIDORM)<\/li>\n<\/ul>\n<p><strong>SERVICIOS DEL EVENTO<\/strong><\/p>\n<ul>\n<li>AVITUALLAMIENTO<\/li>\n<li>CONSIGNA<\/li>\n<li>ANIMACI\u00d3N EN LA PLAZA<\/li>\n<li>TALLERES INFANTILES<\/li>\n<li>TIENDA SOLIDARIA<\/li>\n<li>PHOTOCALL<\/li>\n<li>BARRA &amp; COMIDA SOLIDARIA<\/li>\n<li>FOTOGRAF\u00cdAS<\/li>\n<li>CRONOMETRADA<\/li>\n<li>SEGURO DEL PARTICIPANTE<\/li>\n<li>SERVICIOS SANITARIOS<\/li>\n<\/ul>\n<p>[\/vc_column_text][\/vc_column][\/vc_row][vc_row][vc_column][vc_column_text]<\/p>\n<h2 style=\"text-align: center;\">Recogida Dorsales 5K 10K<\/h2>\n<ul>\n<li>S\u00c1BADO 20 SEPTIEMBRE \/ 17H. A 20H.<\/li>\n<li>DOMINGO 21 SEPTIEMBRE \/ 7:30H A 8:30H.<\/li>\n<\/ul>\n<p><strong>Ubicaci\u00f3n:<\/strong> <a href=\"https:\/\/www.google.com\/maps\/dir\/\/Ayuntamiento+de+Benidorm+Pl.+de+SS.+MM.+Los+Reyes+de+Espa%C3%B1a,+1+03501+Benidorm+Alicante\/@38.5392958,-0.1283503,14z\/data=!4m5!4m4!1m0!1m2!1m1!1s0xd6204e88b81b74d:0xcadac17f94c19dd7\" target=\"_blank\" rel=\"noopener\">Plaza Sus Majestades Los Reyes de Espa\u00f1a, Benidorm<\/a><\/p>\n<h2 style=\"text-align: center;\">Recogida Dorsales Carreras Infantiles<\/h2>\n<ul>\n<li>S\u00c1BADO 20 SEPTIEMBRE \/ 17H. A 20H.<\/li>\n<li>DOMINGO 21 SEPTIEMBRE \/ 9:30H A 11:30H.<\/li>\n<\/ul>\n<p><strong>Ubicaci\u00f3n:<\/strong> <a href=\"https:\/\/www.google.com\/maps\/dir\/\/Ayuntamiento+de+Benidorm+Pl.+de+SS.+MM.+Los+Reyes+de+Espa%C3%B1a,+1+03501+Benidorm+Alicante\/@38.5392958,-0.1283503,14z\/data=!4m5!4m4!1m0!1m2!1m1!1s0xd6204e88b81b74d:0xcadac17f94c19dd7\" target=\"_blank\" rel=\"noopener\">Plaza Sus Majestades Los Reyes de Espa\u00f1a, Benidorm<\/a><\/p>\n<h2 style=\"text-align: center;\">Inscripciones Presenciales<\/h2>\n<ul>\n<li>S\u00c1BADO 20 SEPTIEMBRE \/ 17H. A 20H.<\/li>\n<li>DOMINGO 21 SEPTIEMBRE \/ 7:30H A 8:30H.<\/li>\n<\/ul>\n<p><strong>Ubicaci\u00f3n:<\/strong> <a href=\"https:\/\/www.google.com\/maps\/dir\/\/Ayuntamiento+de+Benidorm+Pl.+de+SS.+MM.+Los+Reyes+de+Espa%C3%B1a,+1+03501+Benidorm+Alicante\/@38.5392958,-0.1283503,14z\/data=!4m5!4m4!1m0!1m2!1m1!1s0xd6204e88b81b74d:0xcadac17f94c19dd7\" target=\"_blank\" rel=\"noopener\">Plaza Sus Majestades Los Reyes de Espa\u00f1a, Benidorm<\/a><\/p>\n<h2 style=\"text-align: center;\">Precios Inscripciones<\/h2>\n<ul>\n<li><strong>CARRERA 10 K \u00a0&#8211;<\/strong>\u00a0 ADULTOS: A partir de 16 a\u00f1os &#8211; \u00a1<strong>CAMISETA CONMEMORATIVA<\/strong> de regalo con tu inscripci\u00f3n!<\/li>\n<\/ul>\n<ul>\n<li style=\"list-style-type: none;\">\n<ul>\n<li>Inscripciones del<strong> 01\/07 al 16\/09:\u00a0 \u00a012\u20ac <\/strong><\/li>\n<li>Inscripciones del <strong>17\/09 al 19\/09:\u00a0 \u00a014\u20ac <\/strong><\/li>\n<li>Inscripciones presenciales<strong> 20 y 21\/09:\u00a0 \u00a016\u20ac<\/strong><\/li>\n<\/ul>\n<\/li>\n<\/ul>\n<p>&nbsp;<\/p>\n<ul>\n<li><strong>CARRERA 5 K <\/strong>\u2013 ADULTOS: A partir de 14 a\u00f1os &#8211; \u00a1<strong>CAMISETA CONMEMORATIVA<\/strong> de regalo con tu inscripci\u00f3n!<\/li>\n<\/ul>\n<ul>\n<li style=\"list-style-type: none;\">\n<ul>\n<li>Inscripciones del <strong>01\/07 al 16\/09:\u00a0 \u00a012\u20ac <\/strong><\/li>\n<li>Inscripciones del<strong> 17\/09 al 19\/09:\u00a0 \u00a014\u20ac <\/strong><\/li>\n<li>Inscripciones presenciales<strong> 20 y 21\/09:\u00a0 \u00a016\u20ac<\/strong><\/li>\n<\/ul>\n<\/li>\n<\/ul>\n<p>&nbsp;<\/p>\n<ul>\n<li><strong>MARCHA POPULAR recorrido 5 K <\/strong><\/li>\n<\/ul>\n<ul>\n<li style=\"list-style-type: none;\">\n<ul>\n<li><strong>ADULTOS:<\/strong> A partir de 14 a\u00f1os &#8211; \u00a1<strong>CAMISETA CONMEMORATIVA<\/strong> de regalo con tu inscripci\u00f3n!\n<ul>\n<li>Inscripciones del<strong> 01\/07 al 16\/09:\u00a0 \u00a012\u20ac <\/strong><\/li>\n<li>Inscripciones del <strong>17\/09 al 19\/09:\u00a0 \u00a014\u20ac <\/strong><\/li>\n<li>Inscripciones presenciales <strong>20 y 21\/09:\u00a0 \u00a016\u20ac<\/strong><\/li>\n<\/ul>\n<\/li>\n<\/ul>\n<\/li>\n<\/ul>\n<ul>\n<li style=\"list-style-type: none;\">\n<ul>\n<li><strong>NI\u00d1OS:<\/strong> menores de 14 &#8211; \u00a1<strong>MEDALLA<\/strong> para todos los participantes!\n<ul>\n<li>Inscripciones del <strong>01\/07 al 19\/09:\u00a0 \u00a03\u20ac <\/strong><\/li>\n<li>Inscripciones presenciales<strong> 20 y 21\/09:\u00a0 \u00a05\u20ac<\/strong><\/li>\n<\/ul>\n<\/li>\n<\/ul>\n<\/li>\n<\/ul>\n<p>&nbsp;<\/p>\n<ul>\n<li><strong>MARCHA N\u00d3RDICA recorrido 5 K<\/strong>\n<ul>\n<li><strong>ADULTOS<\/strong>: A partir de 14 a\u00f1os &#8211; \u00a1<strong>CAMISETA CONMEMORATIVA<\/strong> de regalo con tu inscripci\u00f3n!<\/li>\n<\/ul>\n<\/li>\n<\/ul>\n<ul>\n<li style=\"list-style-type: none;\">\n<ul>\n<li style=\"list-style-type: none;\">\n<ul>\n<li>Inscripciones del<strong> 01\/07 al 16\/09:\u00a0 \u00a012\u20ac <\/strong><\/li>\n<li>Inscripciones del <strong>17\/09 al 19\/09:\u00a0 \u00a014\u20ac <\/strong><\/li>\n<li>Inscripciones presenciales <strong>20 y 21\/09:\u00a0 \u00a016\u20ac<\/strong><\/li>\n<\/ul>\n<\/li>\n<\/ul>\n<\/li>\n<\/ul>\n<ul>\n<li style=\"list-style-type: none;\">\n<ul>\n<li><strong>NI\u00d1OS:<\/strong> menores de 14\u00a0 &#8211; \u00a1<strong>MEDALLA<\/strong> para todos los participantes!\n<ul>\n<li>Inscripciones del <strong>01\/07 al 19\/09:\u00a0 \u00a03\u20ac <\/strong><\/li>\n<li>Inscripciones presenciales<strong> 20 y 21\/09:\u00a0 \u00a05\u20ac<\/strong><\/li>\n<\/ul>\n<p>&nbsp;<\/li>\n<\/ul>\n<\/li>\n<\/ul>\n<ul>\n<li><strong>MARCHA POPULAR recorrido 5 K\u00a0 &#8211;\u00a0 <\/strong><strong>NI\u00d1OS:<\/strong> menores de 14 &#8211; \u00a1<strong>MEDALLA<\/strong> para todos los participantes!<\/li>\n<\/ul>\n<ul>\n<li style=\"list-style-type: none;\">\n<ul>\n<li>Inscripciones del <strong>01\/07 al 19\/09:\u00a0 \u00a03\u20ac <\/strong><\/li>\n<li>Inscripciones presenciales<strong> 20 y 21\/09:\u00a0 \u00a05\u20ac<\/strong><\/li>\n<\/ul>\n<\/li>\n<\/ul>\n<h2 style=\"text-align: center;\">Documentos<\/h2>\n<ul>\n<li>Los menores de 18 a\u00f1os, deber\u00e1n entregar este documento para poder participar: <a href=\"https:\/\/grupobrotons.com\/wp-content\/uploads\/2023\/02\/AUTORIZACION-MENORES-INTERNET.pdf\" target=\"_blank\" rel=\"noopener\">AUTORIZACI\u00d3N MENORES<\/a><\/li>\n<\/ul>\n<h2 style=\"text-align: center;\">Ubicaci\u00f3n<\/h2>\n<p style=\"text-align: center;\"><iframe loading=\"lazy\" style=\"border: 0;\" src=\"https:\/\/www.google.com\/maps\/embed?pb=!1m14!1m8!1m3!1d12483.025592795635!2d-0.1285661!3d38.5393832!3m2!1i1024!2i768!4f13.1!3m3!1m2!1s0xd6204e88b81b74d%3A0xcadac17f94c19dd7!2sAyuntamiento%20de%20Benidorm!5e0!3m2!1ses!2ses!4v1692341310939!5m2!1ses!2ses\" width=\"600\" height=\"450\" allowfullscreen=\"allowfullscreen\" data-mce-fragment=\"1\"><\/iframe><\/p>\n<p>[\/vc_column_text][\/vc_column][\/vc_row][vc_row][vc_column][vc_column_text]<img loading=\"lazy\" decoding=\"async\" class=\"alignnone size-full wp-image-209\" src=\"https:\/\/carrerasolidariabenidorm.es\/wp-content\/uploads\/2023\/09\/PARKINGS-scaled.jpg\" alt=\"\" width=\"2560\" height=\"1810\" srcset=\"https:\/\/carrerasolidariabenidorm.es\/wp-content\/uploads\/2023\/09\/PARKINGS-scaled.jpg 2560w, https:\/\/carrerasolidariabenidorm.es\/wp-content\/uploads\/2023\/09\/PARKINGS-300x212.jpg 300w, https:\/\/carrerasolidariabenidorm.es\/wp-content\/uploads\/2023\/09\/PARKINGS-1024x724.jpg 1024w, https:\/\/carrerasolidariabenidorm.es\/wp-content\/uploads\/2023\/09\/PARKINGS-768x543.jpg 768w, https:\/\/carrerasolidariabenidorm.es\/wp-content\/uploads\/2023\/09\/PARKINGS-1536x1086.jpg 1536w\" sizes=\"auto, (max-width: 2560px) 100vw, 2560px\" \/>[\/vc_column_text][\/vc_column][\/vc_row][vc_row][vc_column][vc_column_text]<img loading=\"lazy\" decoding=\"async\" class=\"alignnone wp-image-423 size-full\" src=\"https:\/\/carrerasolidariabenidorm.es\/wp-content\/uploads\/2025\/06\/Sin-titulo-1.jpg\" alt=\"\" width=\"2250\" height=\"880\" srcset=\"https:\/\/carrerasolidariabenidorm.es\/wp-content\/uploads\/2025\/06\/Sin-titulo-1.jpg 2250w, https:\/\/carrerasolidariabenidorm.es\/wp-content\/uploads\/2025\/06\/Sin-titulo-1-300x117.jpg 300w, https:\/\/carrerasolidariabenidorm.es\/wp-content\/uploads\/2025\/06\/Sin-titulo-1-1024x400.jpg 1024w, https:\/\/carrerasolidariabenidorm.es\/wp-content\/uploads\/2025\/06\/Sin-titulo-1-768x300.jpg 768w, https:\/\/carrerasolidariabenidorm.es\/wp-content\/uploads\/2025\/06\/Sin-titulo-1-1536x601.jpg 1536w\" sizes=\"auto, (max-width: 2250px) 100vw, 2250px\" \/>[\/vc_column_text][\/vc_column][\/vc_row]<\/p>\n<\/div>","protected":false},"excerpt":{"rendered":"<p>[vc_row][vc_column][vc_column_text] INFORMACI\u00d3N [\/vc_column_text][\/vc_column][\/vc_row][vc_row][vc_column][vc_column_text]HORARIOS SALIDA 5KM 10KM &#8211; 9H. MARCHA N\u00d3RDICA &#8211; A CONTINUACI\u00d3N ANDARINES &#8211; A CONTINUACI\u00d3N ENTREGA DE PREMIOS AL FINALIZAR SALIDA CARRERAS INFANTILES &#8211; 11H. ENTREGA DE PREMIOS AL FINALIZAR *HORARIOS APROXIMADOS UBICACI\u00d3N PLAZA DE SUS MAJESTADES LOS REYES DE ESPA\u00d1A (AYUNTAMIENTO DE [&hellip;]<\/p>\n","protected":false},"author":1,"featured_media":0,"parent":0,"menu_order":0,"comment_status":"closed","ping_status":"closed","template":"","meta":{"footnotes":""},"class_list":["post-42","page","type-page","status-publish","hentry"],"yoast_head":"<!-- This site is optimized with the Yoast SEO plugin v27.5 - https:\/\/yoast.com\/product\/yoast-seo-wordpress\/ -->\n<title>Informaci\u00f3n - Carrera Solidaria &quot;En Primera L\u00ednea&quot; Aspanion Benidorm 2025<\/title>\n<meta name=\"robots\" content=\"index, follow, max-snippet:-1, max-image-preview:large, max-video-preview:-1\" \/>\n<link rel=\"canonical\" href=\"https:\/\/carrerasolidariabenidorm.es\/?page_id=42\" \/>\n<meta property=\"og:locale\" content=\"es_ES\" \/>\n<meta property=\"og:type\" content=\"article\" \/>\n<meta property=\"og:title\" content=\"Informaci\u00f3n - Carrera Solidaria &quot;En Primera L\u00ednea&quot; Aspanion Benidorm 2025\" \/>\n<meta property=\"og:description\" content=\"[vc_row][vc_column][vc_column_text] INFORMACI\u00d3N [\/vc_column_text][\/vc_column][\/vc_row][vc_row][vc_column][vc_column_text]HORARIOS SALIDA 5KM 10KM &#8211; 9H. MARCHA N\u00d3RDICA &#8211; A CONTINUACI\u00d3N ANDARINES &#8211; A CONTINUACI\u00d3N ENTREGA DE PREMIOS AL FINALIZAR SALIDA CARRERAS INFANTILES &#8211; 11H. ENTREGA DE PREMIOS AL FINALIZAR *HORARIOS APROXIMADOS UBICACI\u00d3N PLAZA DE SUS MAJESTADES LOS REYES DE ESPA\u00d1A (AYUNTAMIENTO DE [&hellip;]\" \/>\n<meta property=\"og:url\" content=\"https:\/\/carrerasolidariabenidorm.es\/?page_id=42\" \/>\n<meta property=\"og:site_name\" content=\"Carrera Solidaria &quot;En Primera L\u00ednea&quot; Aspanion Benidorm 2025\" \/>\n<meta property=\"article:modified_time\" content=\"2025-09-25T06:46:46+00:00\" \/>\n<meta property=\"og:image\" content=\"https:\/\/carrerasolidariabenidorm.es\/wp-content\/uploads\/2023\/09\/PARKINGS-scaled.jpg\" \/>\n\t<meta property=\"og:image:width\" content=\"2560\" \/>\n\t<meta property=\"og:image:height\" content=\"1810\" \/>\n\t<meta property=\"og:image:type\" content=\"image\/jpeg\" \/>\n<meta name=\"twitter:card\" content=\"summary_large_image\" \/>\n<meta name=\"twitter:label1\" content=\"Tiempo de lectura\" \/>\n\t<meta name=\"twitter:data1\" content=\"3 minutos\" \/>\n<script type=\"application\/ld+json\" class=\"yoast-schema-graph\">{\"@context\":\"https:\\\/\\\/schema.org\",\"@graph\":[{\"@type\":\"WebPage\",\"@id\":\"https:\\\/\\\/carrerasolidariabenidorm.es\\\/?page_id=42\",\"url\":\"https:\\\/\\\/carrerasolidariabenidorm.es\\\/?page_id=42\",\"name\":\"Informaci\u00f3n - Carrera Solidaria &quot;En Primera L\u00ednea&quot; Aspanion Benidorm 2025\",\"isPartOf\":{\"@id\":\"https:\\\/\\\/carrerasolidariabenidorm.es\\\/#website\"},\"primaryImageOfPage\":{\"@id\":\"https:\\\/\\\/carrerasolidariabenidorm.es\\\/?page_id=42#primaryimage\"},\"image\":{\"@id\":\"https:\\\/\\\/carrerasolidariabenidorm.es\\\/?page_id=42#primaryimage\"},\"thumbnailUrl\":\"https:\\\/\\\/carrerasolidariabenidorm.es\\\/wp-content\\\/uploads\\\/2023\\\/09\\\/PARKINGS-scaled.jpg\",\"datePublished\":\"2023-07-17T12:08:01+00:00\",\"dateModified\":\"2025-09-25T06:46:46+00:00\",\"breadcrumb\":{\"@id\":\"https:\\\/\\\/carrerasolidariabenidorm.es\\\/?page_id=42#breadcrumb\"},\"inLanguage\":\"es\",\"potentialAction\":[{\"@type\":\"ReadAction\",\"target\":[\"https:\\\/\\\/carrerasolidariabenidorm.es\\\/?page_id=42\"]}]},{\"@type\":\"ImageObject\",\"inLanguage\":\"es\",\"@id\":\"https:\\\/\\\/carrerasolidariabenidorm.es\\\/?page_id=42#primaryimage\",\"url\":\"https:\\\/\\\/carrerasolidariabenidorm.es\\\/wp-content\\\/uploads\\\/2023\\\/09\\\/PARKINGS-scaled.jpg\",\"contentUrl\":\"https:\\\/\\\/carrerasolidariabenidorm.es\\\/wp-content\\\/uploads\\\/2023\\\/09\\\/PARKINGS-scaled.jpg\",\"width\":2560,\"height\":1810},{\"@type\":\"BreadcrumbList\",\"@id\":\"https:\\\/\\\/carrerasolidariabenidorm.es\\\/?page_id=42#breadcrumb\",\"itemListElement\":[{\"@type\":\"ListItem\",\"position\":1,\"name\":\"Portada\",\"item\":\"https:\\\/\\\/carrerasolidariabenidorm.es\\\/\"},{\"@type\":\"ListItem\",\"position\":2,\"name\":\"Informaci\u00f3n\"}]},{\"@type\":\"WebSite\",\"@id\":\"https:\\\/\\\/carrerasolidariabenidorm.es\\\/#website\",\"url\":\"https:\\\/\\\/carrerasolidariabenidorm.es\\\/\",\"name\":\"Carrera Solidaria &quot;En Primera L\u00ednea&quot; Aspanion Benidorm 2025\",\"description\":\"\",\"potentialAction\":[{\"@type\":\"SearchAction\",\"target\":{\"@type\":\"EntryPoint\",\"urlTemplate\":\"https:\\\/\\\/carrerasolidariabenidorm.es\\\/?s={search_term_string}\"},\"query-input\":{\"@type\":\"PropertyValueSpecification\",\"valueRequired\":true,\"valueName\":\"search_term_string\"}}],\"inLanguage\":\"es\"}]}<\/script>\n<!-- \/ Yoast SEO plugin. -->","yoast_head_json":{"title":"Informaci\u00f3n - Carrera Solidaria &quot;En Primera L\u00ednea&quot; Aspanion Benidorm 2025","robots":{"index":"index","follow":"follow","max-snippet":"max-snippet:-1","max-image-preview":"max-image-preview:large","max-video-preview":"max-video-preview:-1"},"canonical":"https:\/\/carrerasolidariabenidorm.es\/?page_id=42","og_locale":"es_ES","og_type":"article","og_title":"Informaci\u00f3n - Carrera Solidaria &quot;En Primera L\u00ednea&quot; Aspanion Benidorm 2025","og_description":"[vc_row][vc_column][vc_column_text] INFORMACI\u00d3N [\/vc_column_text][\/vc_column][\/vc_row][vc_row][vc_column][vc_column_text]HORARIOS SALIDA 5KM 10KM &#8211; 9H. MARCHA N\u00d3RDICA &#8211; A CONTINUACI\u00d3N ANDARINES &#8211; A CONTINUACI\u00d3N ENTREGA DE PREMIOS AL FINALIZAR SALIDA CARRERAS INFANTILES &#8211; 11H. ENTREGA DE PREMIOS AL FINALIZAR *HORARIOS APROXIMADOS UBICACI\u00d3N PLAZA DE SUS MAJESTADES LOS REYES DE ESPA\u00d1A (AYUNTAMIENTO DE [&hellip;]","og_url":"https:\/\/carrerasolidariabenidorm.es\/?page_id=42","og_site_name":"Carrera Solidaria &quot;En Primera L\u00ednea&quot; Aspanion Benidorm 2025","article_modified_time":"2025-09-25T06:46:46+00:00","og_image":[{"width":2560,"height":1810,"url":"https:\/\/carrerasolidariabenidorm.es\/wp-content\/uploads\/2023\/09\/PARKINGS-scaled.jpg","type":"image\/jpeg"}],"twitter_card":"summary_large_image","twitter_misc":{"Tiempo de lectura":"3 minutos"},"schema":{"@context":"https:\/\/schema.org","@graph":[{"@type":"WebPage","@id":"https:\/\/carrerasolidariabenidorm.es\/?page_id=42","url":"https:\/\/carrerasolidariabenidorm.es\/?page_id=42","name":"Informaci\u00f3n - Carrera Solidaria &quot;En Primera L\u00ednea&quot; Aspanion Benidorm 2025","isPartOf":{"@id":"https:\/\/carrerasolidariabenidorm.es\/#website"},"primaryImageOfPage":{"@id":"https:\/\/carrerasolidariabenidorm.es\/?page_id=42#primaryimage"},"image":{"@id":"https:\/\/carrerasolidariabenidorm.es\/?page_id=42#primaryimage"},"thumbnailUrl":"https:\/\/carrerasolidariabenidorm.es\/wp-content\/uploads\/2023\/09\/PARKINGS-scaled.jpg","datePublished":"2023-07-17T12:08:01+00:00","dateModified":"2025-09-25T06:46:46+00:00","breadcrumb":{"@id":"https:\/\/carrerasolidariabenidorm.es\/?page_id=42#breadcrumb"},"inLanguage":"es","potentialAction":[{"@type":"ReadAction","target":["https:\/\/carrerasolidariabenidorm.es\/?page_id=42"]}]},{"@type":"ImageObject","inLanguage":"es","@id":"https:\/\/carrerasolidariabenidorm.es\/?page_id=42#primaryimage","url":"https:\/\/carrerasolidariabenidorm.es\/wp-content\/uploads\/2023\/09\/PARKINGS-scaled.jpg","contentUrl":"https:\/\/carrerasolidariabenidorm.es\/wp-content\/uploads\/2023\/09\/PARKINGS-scaled.jpg","width":2560,"height":1810},{"@type":"BreadcrumbList","@id":"https:\/\/carrerasolidariabenidorm.es\/?page_id=42#breadcrumb","itemListElement":[{"@type":"ListItem","position":1,"name":"Portada","item":"https:\/\/carrerasolidariabenidorm.es\/"},{"@type":"ListItem","position":2,"name":"Informaci\u00f3n"}]},{"@type":"WebSite","@id":"https:\/\/carrerasolidariabenidorm.es\/#website","url":"https:\/\/carrerasolidariabenidorm.es\/","name":"Carrera Solidaria &quot;En Primera L\u00ednea&quot; Aspanion Benidorm 2025","description":"","potentialAction":[{"@type":"SearchAction","target":{"@type":"EntryPoint","urlTemplate":"https:\/\/carrerasolidariabenidorm.es\/?s={search_term_string}"},"query-input":{"@type":"PropertyValueSpecification","valueRequired":true,"valueName":"search_term_string"}}],"inLanguage":"es"}]}},"_links":{"self":[{"href":"https:\/\/carrerasolidariabenidorm.es\/index.php?rest_route=\/wp\/v2\/pages\/42","targetHints":{"allow":["GET"]}}],"collection":[{"href":"https:\/\/carrerasolidariabenidorm.es\/index.php?rest_route=\/wp\/v2\/pages"}],"about":[{"href":"https:\/\/carrerasolidariabenidorm.es\/index.php?rest_route=\/wp\/v2\/types\/page"}],"author":[{"embeddable":true,"href":"https:\/\/carrerasolidariabenidorm.es\/index.php?rest_route=\/wp\/v2\/users\/1"}],"replies":[{"embeddable":true,"href":"https:\/\/carrerasolidariabenidorm.es\/index.php?rest_route=%2Fwp%2Fv2%2Fcomments&post=42"}],"version-history":[{"count":23,"href":"https:\/\/carrerasolidariabenidorm.es\/index.php?rest_route=\/wp\/v2\/pages\/42\/revisions"}],"predecessor-version":[{"id":473,"href":"https:\/\/carrerasolidariabenidorm.es\/index.php?rest_route=\/wp\/v2\/pages\/42\/revisions\/473"}],"wp:attachment":[{"href":"https:\/\/carrerasolidariabenidorm.es\/index.php?rest_route=%2Fwp%2Fv2%2Fmedia&parent=42"}],"curies":[{"name":"wp","href":"https:\/\/api.w.org\/{rel}","templated":true}]}}