{"id":9,"date":"2023-07-17T11:12:44","date_gmt":"2023-07-17T11:12:44","guid":{"rendered":"https:\/\/carrerasolidariabenidorm.es\/?page_id=9"},"modified":"2025-09-04T12:54:07","modified_gmt":"2025-09-04T10:54:07","slug":"inscripciones","status":"publish","type":"page","link":"https:\/\/carrerasolidariabenidorm.es\/?page_id=9","title":{"rendered":"Inscripciones"},"content":{"rendered":"<div class=\"wpb-content-wrapper\"><p>[vc_row][vc_column][vc_column_text]<\/p>\n<div class=\"tablewrap tw-border\">\n<div class=\"well well-custom well-custom-tarifas\">\n<div class=\"row\">\n<div class=\"col-sm-12\">\n<h2 style=\"text-align: center;\">Inscripci\u00f3n Online<\/h2>\n<p style=\"text-align: center;\">Del 01\/07\/2025 al\u00a0 19\/09\/2025 (PR\u00d3XIMAMENTE)<\/p>\n<\/div>\n<\/div>\n<\/div>\n<\/div>\n<div class=\"tablewrap tw-border\">\n<div class=\"well well-custom well-custom-tarifas\">\n<div class=\"row\">\n<h2 style=\"text-align: center;\">Formulario de Inscripci\u00f3n<\/h2>\n<\/div>\n<\/div>\n<\/div>\n<p>[\/vc_column_text][\/vc_column][\/vc_row][vc_row][vc_column][vc_raw_html]JTNDZGl2JTIwaWQlMjAlM0QlMjdkZnJhbWUlMjclMjBzdHlsZSUzRCUyN3dpZHRoJTNBMTAwJTI1JTNCJTIwbWF4LXdpZHRoJTNBMTAwJTI1JTI3JTNFJTNDJTJGZGl2JTNFJTBBJTBBJTNDc2NyaXB0JTIwdHlwZSUzRCUyN3RleHQlMkZqYXZhc2NyaXB0JTI3JTIwc3JjJTNEJTI3aHR0cHMlM0ElMkYlMkZydHNmaWxlcy5ibG9iLmNvcmUud2luZG93cy5uZXQlMkZzY3JpcHRzJTJGcHltLmpzJTI3JTNFJTNDJTJGc2NyaXB0JTNFJTBBJTBBJTNDc2NyaXB0JTNFJTIwdmFyJTIwcHltUGFyZW50JTIwJTNEJTIwbmV3JTIwcHltLlBhcmVudCUyOCUyN2RmcmFtZSUyNyUyQyUyMCUyN2h0dHBzJTNBJTJGJTJGd3d3LnJvY2t0aGVzcG9ydC5jb20lMkZlcyUyRmV2ZW50byUyRmlpaS1jYXJyZXJhLXNvbGlkYXJpYS1lbi1wcmltZXJhLWxpbmVhLWJlbmlkb3JtLTIwMjUlM0Zmcm0lM0QwJTI2bWVuJTNEMCUyNnRpdCUzRDAlMjclMkMlMjAlN0IlMjAlN0QlMjklM0IlMjAlM0MlMkZzY3JpcHQlM0UlMEElMEElM0NkaXYlM0UlM0NwJTIwc3R5bGUlM0QlMjd3aWR0aCUzQTEwMCUyNSUzQiUyMG1heC13aWR0aCUzQTEwMCUyNSUzQmNvbG9yJTNBJTIzMDAwMDAwJTNCZm9udC1zaXplJTNBMTZweCUzQmZvbnQtd2VpZ2h0JTNBYm9sZCUzQnRleHQtYWxpZ24lM0FjZW50ZXIlM0JtYXJnaW4tYm90dG9tJTNBMzBweCUzQiUyNyUzRVNpJTIwZXN0YXMlMjB0ZW5pZW5kbyUyMGFsZyVDMyVCQW4lMjBwcm9ibGVtYSUyMHBhcmElMjBpbnNjcmliaXJ0ZSUyMCUzQ2ElMjBzdHlsZSUzRCUyMmNvbG9yJTNBJTIzMDBhOWUwJTNCdGV4dC1kZWNvcmF0aW9uJTNBbm9uZSUzQiUyMiUyMGhyZWYlM0QlMjJodHRwcyUzQSUyRiUyRnd3dy5yb2NrdGhlc3BvcnQuY29tJTJGZXMlMkZldmVudG8lMkZpaWktY2FycmVyYS1zb2xpZGFyaWEtZW4tcHJpbWVyYS1saW5lYS1iZW5pZG9ybS0yMDI1JTIyJTNFcHVsc2ElMjBhcXUlQzMlQUQlM0MlMkZhJTNFJTNDJTJGcCUzRSUzQyUyRmRpdiUzRQ==[\/vc_raw_html][\/vc_column][\/vc_row][vc_row][vc_column][vc_column_text]<\/p>\n<h2 style=\"text-align: center;\">Colegio con m\u00e1s inscritos: PREMIO ESPECIAL<\/h2>\n<p style=\"text-align: center;\">El <strong><em>Lope de Vega International School <\/em><\/strong>har\u00e1 obsequio de\u00a0una<strong> experiencia en Aqualandia Benidorm<\/strong> a los ni\u00f1os que participen en la carrera miembros del colegio que re\u00fana m\u00e1s corredores inscritos en la carrera.<\/p>\n<p>&nbsp;<\/p>\n<h2 style=\"text-align: center;\">Recogida Dorsales<\/h2>\n<p style=\"text-align: center;\">S\u00c1BADO 20 SEPTIEMBRE \/ 17H. A 20H.<\/p>\n<p style=\"text-align: center;\">DOMINGO 21 SEPTIEMBRE \/ 7:30H A 8:30H.<\/p>\n<p>&nbsp;<\/p>\n<h2 style=\"text-align: center;\">Documentos<\/h2>\n<p style=\"text-align: center;\">Los menores de 18 a\u00f1os, deber\u00e1n entregar este documento para poder participar: <a href=\"https:\/\/grupobrotons.com\/wp-content\/uploads\/2023\/02\/AUTORIZACION-MENORES-INTERNET.pdf\" target=\"_blank\" rel=\"noopener\">AUTORIZACI\u00d3N MENORES<\/a><\/p>\n<p>&nbsp;<\/p>\n<h2 style=\"text-align: center;\">Ubicaci\u00f3n<\/h2>\n<p style=\"text-align: center;\"><iframe loading=\"lazy\" style=\"border: 0;\" src=\"https:\/\/www.google.com\/maps\/embed?pb=!1m14!1m8!1m3!1d12483.025592795635!2d-0.1285661!3d38.5393832!3m2!1i1024!2i768!4f13.1!3m3!1m2!1s0xd6204e88b81b74d%3A0xcadac17f94c19dd7!2sAyuntamiento%20de%20Benidorm!5e0!3m2!1ses!2ses!4v1692341310939!5m2!1ses!2ses\" width=\"600\" height=\"450\" allowfullscreen=\"allowfullscreen\"><\/iframe><\/p>\n<p>[\/vc_column_text][\/vc_column][\/vc_row][vc_row][vc_column][vc_column_text]<img loading=\"lazy\" decoding=\"async\" class=\"alignnone wp-image-423 size-full aligncenter\" src=\"https:\/\/carrerasolidariabenidorm.es\/wp-content\/uploads\/2025\/06\/Sin-titulo-1.jpg\" alt=\"\" width=\"2250\" height=\"880\" srcset=\"https:\/\/carrerasolidariabenidorm.es\/wp-content\/uploads\/2025\/06\/Sin-titulo-1.jpg 2250w, https:\/\/carrerasolidariabenidorm.es\/wp-content\/uploads\/2025\/06\/Sin-titulo-1-300x117.jpg 300w, https:\/\/carrerasolidariabenidorm.es\/wp-content\/uploads\/2025\/06\/Sin-titulo-1-1024x400.jpg 1024w, https:\/\/carrerasolidariabenidorm.es\/wp-content\/uploads\/2025\/06\/Sin-titulo-1-768x300.jpg 768w, https:\/\/carrerasolidariabenidorm.es\/wp-content\/uploads\/2025\/06\/Sin-titulo-1-1536x601.jpg 1536w\" sizes=\"auto, (max-width: 2250px) 100vw, 2250px\" \/>[\/vc_column_text][\/vc_column][\/vc_row]<\/p>\n<\/div>","protected":false},"excerpt":{"rendered":"<p>[vc_row][vc_column][vc_column_text] Inscripci\u00f3n Online Del 01\/07\/2025 al\u00a0 19\/09\/2025 (PR\u00d3XIMAMENTE) Formulario de Inscripci\u00f3n [\/vc_column_text][\/vc_column][\/vc_row][vc_row][vc_column][vc_raw_html]JTNDZGl2JTIwaWQlMjAlM0QlMjdkZnJhbWUlMjclMjBzdHlsZSUzRCUyN3dpZHRoJTNBMTAwJTI1JTNCJTIwbWF4LXdpZHRoJTNBMTAwJTI1JTI3JTNFJTNDJTJGZGl2JTNFJTBBJTBBJTNDc2NyaXB0JTIwdHlwZSUzRCUyN3RleHQlMkZqYXZhc2NyaXB0JTI3JTIwc3JjJTNEJTI3aHR0cHMlM0ElMkYlMkZydHNmaWxlcy5ibG9iLmNvcmUud2luZG93cy5uZXQlMkZzY3JpcHRzJTJGcHltLmpzJTI3JTNFJTNDJTJGc2NyaXB0JTNFJTBBJTBBJTNDc2NyaXB0JTNFJTIwdmFyJTIwcHltUGFyZW50JTIwJTNEJTIwbmV3JTIwcHltLlBhcmVudCUyOCUyN2RmcmFtZSUyNyUyQyUyMCUyN2h0dHBzJTNBJTJGJTJGd3d3LnJvY2t0aGVzcG9ydC5jb20lMkZlcyUyRmV2ZW50byUyRmlpaS1jYXJyZXJhLXNvbGlkYXJpYS1lbi1wcmltZXJhLWxpbmVhLWJlbmlkb3JtLTIwMjUlM0Zmcm0lM0QwJTI2bWVuJTNEMCUyNnRpdCUzRDAlMjclMkMlMjAlN0IlMjAlN0QlMjklM0IlMjAlM0MlMkZzY3JpcHQlM0UlMEElMEElM0NkaXYlM0UlM0NwJTIwc3R5bGUlM0QlMjd3aWR0aCUzQTEwMCUyNSUzQiUyMG1heC13aWR0aCUzQTEwMCUyNSUzQmNvbG9yJTNBJTIzMDAwMDAwJTNCZm9udC1zaXplJTNBMTZweCUzQmZvbnQtd2VpZ2h0JTNBYm9sZCUzQnRleHQtYWxpZ24lM0FjZW50ZXIlM0JtYXJnaW4tYm90dG9tJTNBMzBweCUzQiUyNyUzRVNpJTIwZXN0YXMlMjB0ZW5pZW5kbyUyMGFsZyVDMyVCQW4lMjBwcm9ibGVtYSUyMHBhcmElMjBpbnNjcmliaXJ0ZSUyMCUzQ2ElMjBzdHlsZSUzRCUyMmNvbG9yJTNBJTIzMDBhOWUwJTNCdGV4dC1kZWNvcmF0aW9uJTNBbm9uZSUzQiUyMiUyMGhyZWYlM0QlMjJodHRwcyUzQSUyRiUyRnd3dy5yb2NrdGhlc3BvcnQuY29tJTJGZXMlMkZldmVudG8lMkZpaWktY2FycmVyYS1zb2xpZGFyaWEtZW4tcHJpbWVyYS1saW5lYS1iZW5pZG9ybS0yMDI1JTIyJTNFcHVsc2ElMjBhcXUlQzMlQUQlM0MlMkZhJTNFJTNDJTJGcCUzRSUzQyUyRmRpdiUzRQ==[\/vc_raw_html][\/vc_column][\/vc_row][vc_row][vc_column][vc_column_text] Colegio con m\u00e1s inscritos: PREMIO ESPECIAL El Lope de Vega International School har\u00e1 obsequio de\u00a0una experiencia en Aqualandia Benidorm a los ni\u00f1os que participen en la carrera miembros del colegio que re\u00fana m\u00e1s [&hellip;]<\/p>\n","protected":false},"author":1,"featured_media":0,"parent":0,"menu_order":0,"comment_status":"closed","ping_status":"closed","template":"full-width.php","meta":{"footnotes":""},"class_list":["post-9","page","type-page","status-publish","hentry"],"yoast_head":"<!-- This site is optimized with the Yoast SEO plugin v27.5 - https:\/\/yoast.com\/product\/yoast-seo-wordpress\/ -->\n<title>Inscripciones - Carrera Solidaria &quot;En Primera L\u00ednea&quot; Aspanion Benidorm 2025<\/title>\n<meta name=\"robots\" content=\"index, follow, max-snippet:-1, max-image-preview:large, max-video-preview:-1\" \/>\n<link rel=\"canonical\" href=\"https:\/\/carrerasolidariabenidorm.es\/?page_id=9\" \/>\n<meta property=\"og:locale\" content=\"es_ES\" \/>\n<meta property=\"og:type\" content=\"article\" \/>\n<meta property=\"og:title\" content=\"Inscripciones - Carrera Solidaria &quot;En Primera L\u00ednea&quot; Aspanion Benidorm 2025\" \/>\n<meta property=\"og:description\" content=\"[vc_row][vc_column][vc_column_text] Inscripci\u00f3n Online Del 01\/07\/2025 al\u00a0 19\/09\/2025 (PR\u00d3XIMAMENTE) Formulario de Inscripci\u00f3n [\/vc_column_text][\/vc_column][\/vc_row][vc_row][vc_column][vc_raw_html]JTNDZGl2JTIwaWQlMjAlM0QlMjdkZnJhbWUlMjclMjBzdHlsZSUzRCUyN3dpZHRoJTNBMTAwJTI1JTNCJTIwbWF4LXdpZHRoJTNBMTAwJTI1JTI3JTNFJTNDJTJGZGl2JTNFJTBBJTBBJTNDc2NyaXB0JTIwdHlwZSUzRCUyN3RleHQlMkZqYXZhc2NyaXB0JTI3JTIwc3JjJTNEJTI3aHR0cHMlM0ElMkYlMkZydHNmaWxlcy5ibG9iLmNvcmUud2luZG93cy5uZXQlMkZzY3JpcHRzJTJGcHltLmpzJTI3JTNFJTNDJTJGc2NyaXB0JTNFJTBBJTBBJTNDc2NyaXB0JTNFJTIwdmFyJTIwcHltUGFyZW50JTIwJTNEJTIwbmV3JTIwcHltLlBhcmVudCUyOCUyN2RmcmFtZSUyNyUyQyUyMCUyN2h0dHBzJTNBJTJGJTJGd3d3LnJvY2t0aGVzcG9ydC5jb20lMkZlcyUyRmV2ZW50byUyRmlpaS1jYXJyZXJhLXNvbGlkYXJpYS1lbi1wcmltZXJhLWxpbmVhLWJlbmlkb3JtLTIwMjUlM0Zmcm0lM0QwJTI2bWVuJTNEMCUyNnRpdCUzRDAlMjclMkMlMjAlN0IlMjAlN0QlMjklM0IlMjAlM0MlMkZzY3JpcHQlM0UlMEElMEElM0NkaXYlM0UlM0NwJTIwc3R5bGUlM0QlMjd3aWR0aCUzQTEwMCUyNSUzQiUyMG1heC13aWR0aCUzQTEwMCUyNSUzQmNvbG9yJTNBJTIzMDAwMDAwJTNCZm9udC1zaXplJTNBMTZweCUzQmZvbnQtd2VpZ2h0JTNBYm9sZCUzQnRleHQtYWxpZ24lM0FjZW50ZXIlM0JtYXJnaW4tYm90dG9tJTNBMzBweCUzQiUyNyUzRVNpJTIwZXN0YXMlMjB0ZW5pZW5kbyUyMGFsZyVDMyVCQW4lMjBwcm9ibGVtYSUyMHBhcmElMjBpbnNjcmliaXJ0ZSUyMCUzQ2ElMjBzdHlsZSUzRCUyMmNvbG9yJTNBJTIzMDBhOWUwJTNCdGV4dC1kZWNvcmF0aW9uJTNBbm9uZSUzQiUyMiUyMGhyZWYlM0QlMjJodHRwcyUzQSUyRiUyRnd3dy5yb2NrdGhlc3BvcnQuY29tJTJGZXMlMkZldmVudG8lMkZpaWktY2FycmVyYS1zb2xpZGFyaWEtZW4tcHJpbWVyYS1saW5lYS1iZW5pZG9ybS0yMDI1JTIyJTNFcHVsc2ElMjBhcXUlQzMlQUQlM0MlMkZhJTNFJTNDJTJGcCUzRSUzQyUyRmRpdiUzRQ==[\/vc_raw_html][\/vc_column][\/vc_row][vc_row][vc_column][vc_column_text] Colegio con m\u00e1s inscritos: PREMIO ESPECIAL El Lope de Vega International School har\u00e1 obsequio de\u00a0una experiencia en Aqualandia Benidorm a los ni\u00f1os que participen en la carrera miembros del colegio que re\u00fana m\u00e1s [&hellip;]\" \/>\n<meta property=\"og:url\" content=\"https:\/\/carrerasolidariabenidorm.es\/?page_id=9\" \/>\n<meta property=\"og:site_name\" content=\"Carrera Solidaria &quot;En Primera L\u00ednea&quot; Aspanion Benidorm 2025\" \/>\n<meta property=\"article:modified_time\" content=\"2025-09-04T10:54:07+00:00\" \/>\n<meta property=\"og:image\" content=\"https:\/\/carrerasolidariabenidorm.es\/wp-content\/uploads\/2025\/06\/Sin-titulo-1.jpg\" \/>\n\t<meta property=\"og:image:width\" content=\"2250\" \/>\n\t<meta property=\"og:image:height\" content=\"880\" \/>\n\t<meta property=\"og:image:type\" content=\"image\/jpeg\" \/>\n<meta name=\"twitter:card\" content=\"summary_large_image\" \/>\n<meta name=\"twitter:label1\" content=\"Tiempo de lectura\" \/>\n\t<meta name=\"twitter:data1\" content=\"1 minuto\" \/>\n<script type=\"application\/ld+json\" class=\"yoast-schema-graph\">{\"@context\":\"https:\\\/\\\/schema.org\",\"@graph\":[{\"@type\":\"WebPage\",\"@id\":\"https:\\\/\\\/carrerasolidariabenidorm.es\\\/?page_id=9\",\"url\":\"https:\\\/\\\/carrerasolidariabenidorm.es\\\/?page_id=9\",\"name\":\"Inscripciones - Carrera Solidaria &quot;En Primera L\u00ednea&quot; Aspanion Benidorm 2025\",\"isPartOf\":{\"@id\":\"https:\\\/\\\/carrerasolidariabenidorm.es\\\/#website\"},\"primaryImageOfPage\":{\"@id\":\"https:\\\/\\\/carrerasolidariabenidorm.es\\\/?page_id=9#primaryimage\"},\"image\":{\"@id\":\"https:\\\/\\\/carrerasolidariabenidorm.es\\\/?page_id=9#primaryimage\"},\"thumbnailUrl\":\"https:\\\/\\\/carrerasolidariabenidorm.es\\\/wp-content\\\/uploads\\\/2025\\\/06\\\/Sin-titulo-1.jpg\",\"datePublished\":\"2023-07-17T11:12:44+00:00\",\"dateModified\":\"2025-09-04T10:54:07+00:00\",\"breadcrumb\":{\"@id\":\"https:\\\/\\\/carrerasolidariabenidorm.es\\\/?page_id=9#breadcrumb\"},\"inLanguage\":\"es\",\"potentialAction\":[{\"@type\":\"ReadAction\",\"target\":[\"https:\\\/\\\/carrerasolidariabenidorm.es\\\/?page_id=9\"]}]},{\"@type\":\"ImageObject\",\"inLanguage\":\"es\",\"@id\":\"https:\\\/\\\/carrerasolidariabenidorm.es\\\/?page_id=9#primaryimage\",\"url\":\"https:\\\/\\\/carrerasolidariabenidorm.es\\\/wp-content\\\/uploads\\\/2025\\\/06\\\/Sin-titulo-1.jpg\",\"contentUrl\":\"https:\\\/\\\/carrerasolidariabenidorm.es\\\/wp-content\\\/uploads\\\/2025\\\/06\\\/Sin-titulo-1.jpg\",\"width\":2250,\"height\":880},{\"@type\":\"BreadcrumbList\",\"@id\":\"https:\\\/\\\/carrerasolidariabenidorm.es\\\/?page_id=9#breadcrumb\",\"itemListElement\":[{\"@type\":\"ListItem\",\"position\":1,\"name\":\"Portada\",\"item\":\"https:\\\/\\\/carrerasolidariabenidorm.es\\\/\"},{\"@type\":\"ListItem\",\"position\":2,\"name\":\"Inscripciones\"}]},{\"@type\":\"WebSite\",\"@id\":\"https:\\\/\\\/carrerasolidariabenidorm.es\\\/#website\",\"url\":\"https:\\\/\\\/carrerasolidariabenidorm.es\\\/\",\"name\":\"Carrera Solidaria &quot;En Primera L\u00ednea&quot; Aspanion Benidorm 2025\",\"description\":\"\",\"potentialAction\":[{\"@type\":\"SearchAction\",\"target\":{\"@type\":\"EntryPoint\",\"urlTemplate\":\"https:\\\/\\\/carrerasolidariabenidorm.es\\\/?s={search_term_string}\"},\"query-input\":{\"@type\":\"PropertyValueSpecification\",\"valueRequired\":true,\"valueName\":\"search_term_string\"}}],\"inLanguage\":\"es\"}]}<\/script>\n<!-- \/ Yoast SEO plugin. -->","yoast_head_json":{"title":"Inscripciones - Carrera Solidaria &quot;En Primera L\u00ednea&quot; Aspanion Benidorm 2025","robots":{"index":"index","follow":"follow","max-snippet":"max-snippet:-1","max-image-preview":"max-image-preview:large","max-video-preview":"max-video-preview:-1"},"canonical":"https:\/\/carrerasolidariabenidorm.es\/?page_id=9","og_locale":"es_ES","og_type":"article","og_title":"Inscripciones - Carrera Solidaria &quot;En Primera L\u00ednea&quot; Aspanion Benidorm 2025","og_description":"[vc_row][vc_column][vc_column_text] Inscripci\u00f3n Online Del 01\/07\/2025 al\u00a0 19\/09\/2025 (PR\u00d3XIMAMENTE) Formulario de Inscripci\u00f3n [\/vc_column_text][\/vc_column][\/vc_row][vc_row][vc_column][vc_raw_html]JTNDZGl2JTIwaWQlMjAlM0QlMjdkZnJhbWUlMjclMjBzdHlsZSUzRCUyN3dpZHRoJTNBMTAwJTI1JTNCJTIwbWF4LXdpZHRoJTNBMTAwJTI1JTI3JTNFJTNDJTJGZGl2JTNFJTBBJTBBJTNDc2NyaXB0JTIwdHlwZSUzRCUyN3RleHQlMkZqYXZhc2NyaXB0JTI3JTIwc3JjJTNEJTI3aHR0cHMlM0ElMkYlMkZydHNmaWxlcy5ibG9iLmNvcmUud2luZG93cy5uZXQlMkZzY3JpcHRzJTJGcHltLmpzJTI3JTNFJTNDJTJGc2NyaXB0JTNFJTBBJTBBJTNDc2NyaXB0JTNFJTIwdmFyJTIwcHltUGFyZW50JTIwJTNEJTIwbmV3JTIwcHltLlBhcmVudCUyOCUyN2RmcmFtZSUyNyUyQyUyMCUyN2h0dHBzJTNBJTJGJTJGd3d3LnJvY2t0aGVzcG9ydC5jb20lMkZlcyUyRmV2ZW50byUyRmlpaS1jYXJyZXJhLXNvbGlkYXJpYS1lbi1wcmltZXJhLWxpbmVhLWJlbmlkb3JtLTIwMjUlM0Zmcm0lM0QwJTI2bWVuJTNEMCUyNnRpdCUzRDAlMjclMkMlMjAlN0IlMjAlN0QlMjklM0IlMjAlM0MlMkZzY3JpcHQlM0UlMEElMEElM0NkaXYlM0UlM0NwJTIwc3R5bGUlM0QlMjd3aWR0aCUzQTEwMCUyNSUzQiUyMG1heC13aWR0aCUzQTEwMCUyNSUzQmNvbG9yJTNBJTIzMDAwMDAwJTNCZm9udC1zaXplJTNBMTZweCUzQmZvbnQtd2VpZ2h0JTNBYm9sZCUzQnRleHQtYWxpZ24lM0FjZW50ZXIlM0JtYXJnaW4tYm90dG9tJTNBMzBweCUzQiUyNyUzRVNpJTIwZXN0YXMlMjB0ZW5pZW5kbyUyMGFsZyVDMyVCQW4lMjBwcm9ibGVtYSUyMHBhcmElMjBpbnNjcmliaXJ0ZSUyMCUzQ2ElMjBzdHlsZSUzRCUyMmNvbG9yJTNBJTIzMDBhOWUwJTNCdGV4dC1kZWNvcmF0aW9uJTNBbm9uZSUzQiUyMiUyMGhyZWYlM0QlMjJodHRwcyUzQSUyRiUyRnd3dy5yb2NrdGhlc3BvcnQuY29tJTJGZXMlMkZldmVudG8lMkZpaWktY2FycmVyYS1zb2xpZGFyaWEtZW4tcHJpbWVyYS1saW5lYS1iZW5pZG9ybS0yMDI1JTIyJTNFcHVsc2ElMjBhcXUlQzMlQUQlM0MlMkZhJTNFJTNDJTJGcCUzRSUzQyUyRmRpdiUzRQ==[\/vc_raw_html][\/vc_column][\/vc_row][vc_row][vc_column][vc_column_text] Colegio con m\u00e1s inscritos: PREMIO ESPECIAL El Lope de Vega International School har\u00e1 obsequio de\u00a0una experiencia en Aqualandia Benidorm a los ni\u00f1os que participen en la carrera miembros del colegio que re\u00fana m\u00e1s [&hellip;]","og_url":"https:\/\/carrerasolidariabenidorm.es\/?page_id=9","og_site_name":"Carrera Solidaria &quot;En Primera L\u00ednea&quot; Aspanion Benidorm 2025","article_modified_time":"2025-09-04T10:54:07+00:00","og_image":[{"width":2250,"height":880,"url":"https:\/\/carrerasolidariabenidorm.es\/wp-content\/uploads\/2025\/06\/Sin-titulo-1.jpg","type":"image\/jpeg"}],"twitter_card":"summary_large_image","twitter_misc":{"Tiempo de lectura":"1 minuto"},"schema":{"@context":"https:\/\/schema.org","@graph":[{"@type":"WebPage","@id":"https:\/\/carrerasolidariabenidorm.es\/?page_id=9","url":"https:\/\/carrerasolidariabenidorm.es\/?page_id=9","name":"Inscripciones - Carrera Solidaria &quot;En Primera L\u00ednea&quot; Aspanion Benidorm 2025","isPartOf":{"@id":"https:\/\/carrerasolidariabenidorm.es\/#website"},"primaryImageOfPage":{"@id":"https:\/\/carrerasolidariabenidorm.es\/?page_id=9#primaryimage"},"image":{"@id":"https:\/\/carrerasolidariabenidorm.es\/?page_id=9#primaryimage"},"thumbnailUrl":"https:\/\/carrerasolidariabenidorm.es\/wp-content\/uploads\/2025\/06\/Sin-titulo-1.jpg","datePublished":"2023-07-17T11:12:44+00:00","dateModified":"2025-09-04T10:54:07+00:00","breadcrumb":{"@id":"https:\/\/carrerasolidariabenidorm.es\/?page_id=9#breadcrumb"},"inLanguage":"es","potentialAction":[{"@type":"ReadAction","target":["https:\/\/carrerasolidariabenidorm.es\/?page_id=9"]}]},{"@type":"ImageObject","inLanguage":"es","@id":"https:\/\/carrerasolidariabenidorm.es\/?page_id=9#primaryimage","url":"https:\/\/carrerasolidariabenidorm.es\/wp-content\/uploads\/2025\/06\/Sin-titulo-1.jpg","contentUrl":"https:\/\/carrerasolidariabenidorm.es\/wp-content\/uploads\/2025\/06\/Sin-titulo-1.jpg","width":2250,"height":880},{"@type":"BreadcrumbList","@id":"https:\/\/carrerasolidariabenidorm.es\/?page_id=9#breadcrumb","itemListElement":[{"@type":"ListItem","position":1,"name":"Portada","item":"https:\/\/carrerasolidariabenidorm.es\/"},{"@type":"ListItem","position":2,"name":"Inscripciones"}]},{"@type":"WebSite","@id":"https:\/\/carrerasolidariabenidorm.es\/#website","url":"https:\/\/carrerasolidariabenidorm.es\/","name":"Carrera Solidaria &quot;En Primera L\u00ednea&quot; Aspanion Benidorm 2025","description":"","potentialAction":[{"@type":"SearchAction","target":{"@type":"EntryPoint","urlTemplate":"https:\/\/carrerasolidariabenidorm.es\/?s={search_term_string}"},"query-input":{"@type":"PropertyValueSpecification","valueRequired":true,"valueName":"search_term_string"}}],"inLanguage":"es"}]}},"_links":{"self":[{"href":"https:\/\/carrerasolidariabenidorm.es\/index.php?rest_route=\/wp\/v2\/pages\/9","targetHints":{"allow":["GET"]}}],"collection":[{"href":"https:\/\/carrerasolidariabenidorm.es\/index.php?rest_route=\/wp\/v2\/pages"}],"about":[{"href":"https:\/\/carrerasolidariabenidorm.es\/index.php?rest_route=\/wp\/v2\/types\/page"}],"author":[{"embeddable":true,"href":"https:\/\/carrerasolidariabenidorm.es\/index.php?rest_route=\/wp\/v2\/users\/1"}],"replies":[{"embeddable":true,"href":"https:\/\/carrerasolidariabenidorm.es\/index.php?rest_route=%2Fwp%2Fv2%2Fcomments&post=9"}],"version-history":[{"count":32,"href":"https:\/\/carrerasolidariabenidorm.es\/index.php?rest_route=\/wp\/v2\/pages\/9\/revisions"}],"predecessor-version":[{"id":463,"href":"https:\/\/carrerasolidariabenidorm.es\/index.php?rest_route=\/wp\/v2\/pages\/9\/revisions\/463"}],"wp:attachment":[{"href":"https:\/\/carrerasolidariabenidorm.es\/index.php?rest_route=%2Fwp%2Fv2%2Fmedia&parent=9"}],"curies":[{"name":"wp","href":"https:\/\/api.w.org\/{rel}","templated":true}]}}